{"id":8080,"date":"2026-04-14T16:41:37","date_gmt":"2026-04-14T14:41:37","guid":{"rendered":"https:\/\/seamaster.media\/?page_id=8080"},"modified":"2026-04-14T21:09:12","modified_gmt":"2026-04-14T19:09:12","slug":"stille-schreie","status":"publish","type":"page","link":"https:\/\/seamaster.media\/index.php\/stille-schreie\/","title":{"rendered":"STILLE SCHREIE"},"content":{"rendered":"\t\t<div data-elementor-type=\"wp-page\" data-elementor-id=\"8080\" class=\"elementor elementor-8080\" data-elementor-post-type=\"page\">\n\t\t\t\t<div class=\"elementor-element elementor-element-a876ab8 e-flex e-con-boxed e-con e-parent\" data-id=\"a876ab8\" data-element_type=\"container\" data-e-type=\"container\">\n\t\t\t\t\t<div class=\"e-con-inner\">\n\t\t\t\t<div class=\"elementor-element elementor-element-8ce4276 elementor-widget elementor-widget-heading\" data-id=\"8ce4276\" data-element_type=\"widget\" data-e-type=\"widget\" data-widget_type=\"heading.default\">\n\t\t\t\t<div class=\"elementor-widget-container\">\n\t\t\t\t\t<h2 class=\"elementor-heading-title elementor-size-default\">Eine innovative, KI-gesteuerte Kampagne gegen h\u00e4usliche Gewalt<\/h2>\t\t\t\t<\/div>\n\t\t\t\t<\/div>\n\t\t\t\t<div class=\"elementor-element elementor-element-e21148e elementor-widget elementor-widget-spacer\" data-id=\"e21148e\" data-element_type=\"widget\" data-e-type=\"widget\" data-widget_type=\"spacer.default\">\n\t\t\t\t<div class=\"elementor-widget-container\">\n\t\t\t\t\t\t\t<div class=\"elementor-spacer\">\n\t\t\t<div class=\"elementor-spacer-inner\"><\/div>\n\t\t<\/div>\n\t\t\t\t\t\t<\/div>\n\t\t\t\t<\/div>\n\t\t\t\t<div class=\"elementor-element elementor-element-81f1116 elementor-widget elementor-widget-video\" data-id=\"81f1116\" data-element_type=\"widget\" data-e-type=\"widget\" data-settings=\"{&quot;youtube_url&quot;:&quot;https:\\\/\\\/youtu.be\\\/BBj2WHXl13E&quot;,&quot;autoplay&quot;:&quot;yes&quot;,&quot;loop&quot;:&quot;yes&quot;,&quot;video_type&quot;:&quot;youtube&quot;}\" data-widget_type=\"video.default\">\n\t\t\t\t<div class=\"elementor-widget-container\">\n\t\t\t\t\t\t\t<div class=\"elementor-wrapper elementor-open-inline\">\n\t\t\t<div class=\"elementor-video\"><\/div>\t\t<\/div>\n\t\t\t\t\t\t<\/div>\n\t\t\t\t<\/div>\n\t\t\t\t<div class=\"elementor-element elementor-element-7c3ba02 elementor-widget elementor-widget-spacer\" data-id=\"7c3ba02\" data-element_type=\"widget\" data-e-type=\"widget\" data-widget_type=\"spacer.default\">\n\t\t\t\t<div class=\"elementor-widget-container\">\n\t\t\t\t\t\t\t<div class=\"elementor-spacer\">\n\t\t\t<div class=\"elementor-spacer-inner\"><\/div>\n\t\t<\/div>\n\t\t\t\t\t\t<\/div>\n\t\t\t\t<\/div>\n\t\t\t\t<div class=\"elementor-element elementor-element-966ed19 elementor-widget elementor-widget-heading\" data-id=\"966ed19\" data-element_type=\"widget\" data-e-type=\"widget\" data-widget_type=\"heading.default\">\n\t\t\t\t<div class=\"elementor-widget-container\">\n\t\t\t\t\t<h3 class=\"elementor-heading-title elementor-size-default\">Deshalb haben wir STILLE SCHREIE entwickelt.<\/h3>\t\t\t\t<\/div>\n\t\t\t\t<\/div>\n\t\t\t\t<div class=\"elementor-element elementor-element-546da28 elementor-widget elementor-widget-spacer\" data-id=\"546da28\" data-element_type=\"widget\" data-e-type=\"widget\" data-widget_type=\"spacer.default\">\n\t\t\t\t<div class=\"elementor-widget-container\">\n\t\t\t\t\t\t\t<div class=\"elementor-spacer\">\n\t\t\t<div class=\"elementor-spacer-inner\"><\/div>\n\t\t<\/div>\n\t\t\t\t\t\t<\/div>\n\t\t\t\t<\/div>\n\t\t\t\t<div class=\"elementor-element elementor-element-a1a3937 elementor-widget elementor-widget-text-editor\" data-id=\"a1a3937\" data-element_type=\"widget\" data-e-type=\"widget\" data-widget_type=\"text-editor.default\">\n\t\t\t\t<div class=\"elementor-widget-container\">\n\t\t\t\t\t\t\t\t\t<p class=\"ds-markdown-paragraph\">H\u00e4usliche Gewalt betrifft jede vierte Frau und jeden achten Mann in Deutschland \u2013 doch 80% leiden schweigend. Herk\u00f6mmliche Kampagnen erreichen selten den privaten Raum, in dem Gewalt stattfindet.\u00a0<\/p><p class=\"ds-markdown-paragraph\"><strong>Unser innovativer Ansatz:<\/strong><br \/>Wir gestalten dies nicht als \u201eFrauen gegen M\u00e4nner\u201c. Wir gestalten es als <strong>WIR gegen Gewalt<\/strong> \u2013 denn h\u00e4usliche Gewalt ist ein gesellschaftliches Problem, kein Geschlechterkampf. Nur gemeinsam k\u00f6nnen wir die Verschw\u00f6rung des Schweigens durchbrechen.<\/p><p class=\"ds-markdown-paragraph\"><strong>Der Kern der Innovation:<\/strong><br \/>Eine KI-generierte Micro-Drama-Serie (2\u20133-min\u00fctige Episoden, vertikales Smartphone-Format), die eine wahre, authentische Geschichte erz\u00e4hlt \u2013 basierend auf den echten Erfahrungen der \u00dcberlebenden Zoe. Sie ist Medienprofi, willig und in der Lage, das \u00f6ffentliche Gesicht der Kampagne zu sein, in Interviews und \u00f6ffentlichen Auftritten.<\/p><p class=\"ds-markdown-paragraph\"><strong>Der einzigartige Mechanismus:<\/strong><br \/>Jede Episode endet mit einem direkten Appell f\u00fcr sicheres Eingreifen, basierend auf f\u00fcnf Zivilcourage-Optionen:<br \/>\u2192 Direkt eingreifen \u2192 Ablenken \u2192 Delegieren \u2192 Dokumentieren \u2192 Sp\u00e4ter unterst\u00fctzen<\/p><p class=\"ds-markdown-paragraph\">Wir zeigen nicht nur Leid. Wir zeigen, wie man sicher helfen kann \u2013 und verwandeln so emotionale Betroffenheit in konkrete Handlung.<\/p><p>\u00a0<\/p><p class=\"ds-markdown-paragraph\"><span style=\"text-decoration: underline;\"><strong>Wir suchen Partner:<\/strong><\/span><\/p><p class=\"ds-markdown-paragraph\"><strong>Finanzpartner<\/strong>, um Produktion und Verbreitung zu finanzieren<\/p><p class=\"ds-markdown-paragraph\"><strong>Kooperationspartner<\/strong>, die den guten Kampf k\u00e4mpfen wollen<\/p><p class=\"ds-markdown-paragraph\"><strong>Medienpartner<\/strong>, um Reichweite und Glaubw\u00fcrdigkeit zu verst\u00e4rken<\/p><p>\u00a0<\/p><p class=\"ds-markdown-paragraph\">Dies ist modern, einf\u00fchlsam und skalierbar. Lasst uns aus stillen Schreien sichtbare Hilfe machen.<\/p>\t\t\t\t\t\t\t\t<\/div>\n\t\t\t\t<\/div>\n\t\t\t\t<div class=\"elementor-element elementor-element-2f91298 elementor-widget elementor-widget-spacer\" data-id=\"2f91298\" data-element_type=\"widget\" data-e-type=\"widget\" data-widget_type=\"spacer.default\">\n\t\t\t\t<div class=\"elementor-widget-container\">\n\t\t\t\t\t\t\t<div class=\"elementor-spacer\">\n\t\t\t<div class=\"elementor-spacer-inner\"><\/div>\n\t\t<\/div>\n\t\t\t\t\t\t<\/div>\n\t\t\t\t<\/div>\n\t\t\t\t<div class=\"elementor-element elementor-element-fdd8532 elementor-align-center elementor-widget elementor-widget-button\" data-id=\"fdd8532\" data-element_type=\"widget\" data-e-type=\"widget\" data-widget_type=\"button.default\">\n\t\t\t\t<div class=\"elementor-widget-container\">\n\t\t\t\t\t\t\t\t\t<div class=\"elementor-button-wrapper\">\n\t\t\t\t\t<a class=\"elementor-button elementor-button-link elementor-size-sm\" href=\"https:\/\/seamaster.media\/index.php\/contact-us\/\">\n\t\t\t\t\t\t<span class=\"elementor-button-content-wrapper\">\n\t\t\t\t\t\t\t\t\t<span class=\"elementor-button-text\">Kontaktieren Sie uns<\/span>\n\t\t\t\t\t<\/span>\n\t\t\t\t\t<\/a>\n\t\t\t\t<\/div>\n\t\t\t\t\t\t\t\t<\/div>\n\t\t\t\t<\/div>\n\t\t\t\t<div class=\"elementor-element elementor-element-5a9bf3a elementor-widget elementor-widget-spacer\" data-id=\"5a9bf3a\" data-element_type=\"widget\" data-e-type=\"widget\" data-widget_type=\"spacer.default\">\n\t\t\t\t<div class=\"elementor-widget-container\">\n\t\t\t\t\t\t\t<div class=\"elementor-spacer\">\n\t\t\t<div class=\"elementor-spacer-inner\"><\/div>\n\t\t<\/div>\n\t\t\t\t\t\t<\/div>\n\t\t\t\t<\/div>\n\t\t\t\t<div class=\"elementor-element elementor-element-f0525e3 elementor-widget elementor-widget-heading\" data-id=\"f0525e3\" data-element_type=\"widget\" data-e-type=\"widget\" data-widget_type=\"heading.default\">\n\t\t\t\t<div class=\"elementor-widget-container\">\n\t\t\t\t\t<h3 class=\"elementor-heading-title elementor-size-default\">Die Gesangsversion des Songs ist hier erh\u00e4ltlich:<\/h3>\t\t\t\t<\/div>\n\t\t\t\t<\/div>\n\t\t<div class=\"elementor-element elementor-element-1198f3f e-grid e-con-full e-con e-child\" data-id=\"1198f3f\" data-element_type=\"container\" data-e-type=\"container\">\n\t\t\t\t<div class=\"elementor-element elementor-element-83721c1 elementor-widget elementor-widget-image\" data-id=\"83721c1\" data-element_type=\"widget\" data-e-type=\"widget\" data-widget_type=\"image.default\">\n\t\t\t\t<div class=\"elementor-widget-container\">\n\t\t\t\t\t\t\t\t\t\t\t\t\t\t\t<img fetchpriority=\"high\" decoding=\"async\" width=\"300\" height=\"300\" src=\"https:\/\/seamaster.media\/wp-content\/uploads\/2026\/04\/BrokenVows-BruisedSky-Cover600-300x300.jpg\" class=\"attachment-medium size-medium wp-image-8098\" alt=\"BrokenVows BruisedSky Cover600\" srcset=\"https:\/\/seamaster.media\/wp-content\/uploads\/2026\/04\/BrokenVows-BruisedSky-Cover600-300x300.jpg 300w, https:\/\/seamaster.media\/wp-content\/uploads\/2026\/04\/BrokenVows-BruisedSky-Cover600-150x150.jpg 150w, https:\/\/seamaster.media\/wp-content\/uploads\/2026\/04\/BrokenVows-BruisedSky-Cover600-550x550.jpg 550w, https:\/\/seamaster.media\/wp-content\/uploads\/2026\/04\/BrokenVows-BruisedSky-Cover600-100x100.jpg 100w, https:\/\/seamaster.media\/wp-content\/uploads\/2026\/04\/BrokenVows-BruisedSky-Cover600.jpg 600w\" sizes=\"(max-width: 300px) 100vw, 300px\" \/>\t\t\t\t\t\t\t\t\t\t\t\t\t\t\t<\/div>\n\t\t\t\t<\/div>\n\t\t\t\t<\/div>\n\t\t<div class=\"elementor-element elementor-element-19ad13a e-grid e-con-full e-con e-child\" data-id=\"19ad13a\" data-element_type=\"container\" data-e-type=\"container\">\n\t\t\t\t<div class=\"elementor-element elementor-element-4831bd7 elementor-widget elementor-widget-image\" data-id=\"4831bd7\" data-element_type=\"widget\" data-e-type=\"widget\" data-widget_type=\"image.default\">\n\t\t\t\t<div class=\"elementor-widget-container\">\n\t\t\t\t\t\t\t\t\t\t\t\t\t\t\t\t<a href=\"https:\/\/youtube.com\/playlist?list=OLAK5uy_mgrE6BGrYhFVGEOiJfEXim_JcBA0JVyBk&#038;si=ooPAz4ozJu_g3wqa\" target=\"_blank\">\n\t\t\t\t\t\t\t<img decoding=\"async\" width=\"300\" height=\"169\" src=\"https:\/\/seamaster.media\/wp-content\/uploads\/2026\/04\/YouTube-Music-180324-300x169.jpg\" class=\"attachment-medium size-medium wp-image-8100\" alt=\"YouTube Music\" srcset=\"https:\/\/seamaster.media\/wp-content\/uploads\/2026\/04\/YouTube-Music-180324-300x169.jpg 300w, https:\/\/seamaster.media\/wp-content\/uploads\/2026\/04\/YouTube-Music-180324-1024x576.jpg 1024w, https:\/\/seamaster.media\/wp-content\/uploads\/2026\/04\/YouTube-Music-180324-768x432.jpg 768w, https:\/\/seamaster.media\/wp-content\/uploads\/2026\/04\/YouTube-Music-180324-600x338.jpg 600w, https:\/\/seamaster.media\/wp-content\/uploads\/2026\/04\/YouTube-Music-180324.jpg 1200w\" sizes=\"(max-width: 300px) 100vw, 300px\" \/>\t\t\t\t\t\t\t\t<\/a>\n\t\t\t\t\t\t\t\t\t\t\t\t\t\t\t<\/div>\n\t\t\t\t<\/div>\n\t\t\t\t<div class=\"elementor-element elementor-element-c01f853 elementor-widget elementor-widget-image\" data-id=\"c01f853\" data-element_type=\"widget\" data-e-type=\"widget\" data-widget_type=\"image.default\">\n\t\t\t\t<div class=\"elementor-widget-container\">\n\t\t\t\t\t\t\t\t\t\t\t\t\t\t\t\t<a href=\"https:\/\/music.apple.com\/de\/album\/broken-vows-bruised-sky-single\/1872143391\" target=\"_blank\">\n\t\t\t\t\t\t\t<img decoding=\"async\" width=\"300\" height=\"300\" src=\"https:\/\/seamaster.media\/wp-content\/uploads\/2026\/04\/apple_music-update_hero_08242021.jpg.news_app_ed-300x300.jpg\" class=\"attachment-medium size-medium wp-image-8099\" alt=\"Apple music update hero 08242021.jpg.news app ed\" srcset=\"https:\/\/seamaster.media\/wp-content\/uploads\/2026\/04\/apple_music-update_hero_08242021.jpg.news_app_ed-300x300.jpg 300w, https:\/\/seamaster.media\/wp-content\/uploads\/2026\/04\/apple_music-update_hero_08242021.jpg.news_app_ed-150x150.jpg 150w, https:\/\/seamaster.media\/wp-content\/uploads\/2026\/04\/apple_music-update_hero_08242021.jpg.news_app_ed-768x768.jpg 768w, https:\/\/seamaster.media\/wp-content\/uploads\/2026\/04\/apple_music-update_hero_08242021.jpg.news_app_ed-550x550.jpg 550w, https:\/\/seamaster.media\/wp-content\/uploads\/2026\/04\/apple_music-update_hero_08242021.jpg.news_app_ed-650x650.jpg 650w, https:\/\/seamaster.media\/wp-content\/uploads\/2026\/04\/apple_music-update_hero_08242021.jpg.news_app_ed-600x600.jpg 600w, https:\/\/seamaster.media\/wp-content\/uploads\/2026\/04\/apple_music-update_hero_08242021.jpg.news_app_ed-100x100.jpg 100w, https:\/\/seamaster.media\/wp-content\/uploads\/2026\/04\/apple_music-update_hero_08242021.jpg.news_app_ed.jpg 900w\" sizes=\"(max-width: 300px) 100vw, 300px\" \/>\t\t\t\t\t\t\t\t<\/a>\n\t\t\t\t\t\t\t\t\t\t\t\t\t\t\t<\/div>\n\t\t\t\t<\/div>\n\t\t\t\t<div class=\"elementor-element elementor-element-64cf6b9 elementor-widget elementor-widget-image\" data-id=\"64cf6b9\" data-element_type=\"widget\" data-e-type=\"widget\" data-widget_type=\"image.default\">\n\t\t\t\t<div class=\"elementor-widget-container\">\n\t\t\t\t\t\t\t\t\t\t\t\t\t\t\t\t<a href=\"https:\/\/amazon.de\/music\/player\/albums\/B0GJTXW9W1?marketplaceId=A1PA6795UKMFR9&#038;musicTerritory=DE&#038;ref=dm_sh_Lz7ip8CuTajRrCDFDICz3pZZA\">\n\t\t\t\t\t\t\t<img loading=\"lazy\" decoding=\"async\" width=\"300\" height=\"169\" src=\"https:\/\/seamaster.media\/wp-content\/uploads\/2026\/04\/static.amazonmusic-300x169.jpg\" class=\"attachment-medium size-medium wp-image-8102\" alt=\"Static.amazonmusic\" srcset=\"https:\/\/seamaster.media\/wp-content\/uploads\/2026\/04\/static.amazonmusic-300x169.jpg 300w, https:\/\/seamaster.media\/wp-content\/uploads\/2026\/04\/static.amazonmusic-768x432.jpg 768w, https:\/\/seamaster.media\/wp-content\/uploads\/2026\/04\/static.amazonmusic-600x338.jpg 600w, https:\/\/seamaster.media\/wp-content\/uploads\/2026\/04\/static.amazonmusic.jpg 1000w\" sizes=\"(max-width: 300px) 100vw, 300px\" \/>\t\t\t\t\t\t\t\t<\/a>\n\t\t\t\t\t\t\t\t\t\t\t\t\t\t\t<\/div>\n\t\t\t\t<\/div>\n\t\t\t\t<\/div>\n\t\t\t\t\t<\/div>\n\t\t\t\t<\/div>\n\t\t\t\t<\/div>\n\t\t","protected":false},"excerpt":{"rendered":"<p>Eine innovative, KI-gesteuerte Kampagne gegen h\u00e4usliche Gewalt Deshalb haben wir STILLE SCHREIE entwickelt. H\u00e4usliche Gewalt betrifft jede [&hellip;]<\/p>\n","protected":false},"author":1,"featured_media":0,"parent":0,"menu_order":0,"comment_status":"closed","ping_status":"closed","template":"","meta":{"slim_seo":{"title":"STILLE SCHREIE - Seamaster Media","description":"Eine innovative, KI-gesteuerte Kampagne gegen h\u00e4usliche Gewalt https:\/\/youtu.be\/BBj2WHXl13E Deshalb haben wir STILLE SCHREIE entwickelt. H\u00e4usliche Gewalt betrif"},"footnotes":""},"class_list":["post-8080","page","type-page","status-publish","hentry"],"_links":{"self":[{"href":"https:\/\/seamaster.media\/index.php\/wp-json\/wp\/v2\/pages\/8080","targetHints":{"allow":["GET"]}}],"collection":[{"href":"https:\/\/seamaster.media\/index.php\/wp-json\/wp\/v2\/pages"}],"about":[{"href":"https:\/\/seamaster.media\/index.php\/wp-json\/wp\/v2\/types\/page"}],"author":[{"embeddable":true,"href":"https:\/\/seamaster.media\/index.php\/wp-json\/wp\/v2\/users\/1"}],"replies":[{"embeddable":true,"href":"https:\/\/seamaster.media\/index.php\/wp-json\/wp\/v2\/comments?post=8080"}],"version-history":[{"count":7,"href":"https:\/\/seamaster.media\/index.php\/wp-json\/wp\/v2\/pages\/8080\/revisions"}],"predecessor-version":[{"id":8111,"href":"https:\/\/seamaster.media\/index.php\/wp-json\/wp\/v2\/pages\/8080\/revisions\/8111"}],"wp:attachment":[{"href":"https:\/\/seamaster.media\/index.php\/wp-json\/wp\/v2\/media?parent=8080"}],"curies":[{"name":"wp","href":"https:\/\/api.w.org\/{rel}","templated":true}]}}