{"id":8007,"date":"2025-12-12T12:40:07","date_gmt":"2025-12-12T11:40:07","guid":{"rendered":"https:\/\/seamaster.media\/?page_id=8007"},"modified":"2025-12-12T12:48:39","modified_gmt":"2025-12-12T11:48:39","slug":"lovers-unite-2","status":"publish","type":"page","link":"https:\/\/seamaster.media\/index.php\/lovers-unite-2\/","title":{"rendered":"Lovers Unite"},"content":{"rendered":"\t\t<div data-elementor-type=\"wp-page\" data-elementor-id=\"8007\" class=\"elementor elementor-8007\" data-elementor-post-type=\"page\">\n\t\t\t\t<div class=\"elementor-element elementor-element-a876ab8 e-flex e-con-boxed e-con e-parent\" data-id=\"a876ab8\" data-element_type=\"container\" data-e-type=\"container\">\n\t\t\t\t\t<div class=\"e-con-inner\">\n\t\t\t\t<div class=\"elementor-element elementor-element-8ce4276 elementor-widget elementor-widget-heading\" data-id=\"8ce4276\" data-element_type=\"widget\" data-e-type=\"widget\" data-widget_type=\"heading.default\">\n\t\t\t\t<div class=\"elementor-widget-container\">\n\t\t\t\t\t<h2 class=\"elementor-heading-title elementor-size-default\">Der Unzerst\u00f6rbare Kern:<\/h2>\t\t\t\t<\/div>\n\t\t\t\t<\/div>\n\t\t\t\t<div class=\"elementor-element elementor-element-e21148e elementor-widget elementor-widget-spacer\" data-id=\"e21148e\" data-element_type=\"widget\" data-e-type=\"widget\" data-widget_type=\"spacer.default\">\n\t\t\t\t<div class=\"elementor-widget-container\">\n\t\t\t\t\t\t\t<div class=\"elementor-spacer\">\n\t\t\t<div class=\"elementor-spacer-inner\"><\/div>\n\t\t<\/div>\n\t\t\t\t\t\t<\/div>\n\t\t\t\t<\/div>\n\t\t\t\t<div class=\"elementor-element elementor-element-81f1116 elementor-widget elementor-widget-video\" data-id=\"81f1116\" data-element_type=\"widget\" data-e-type=\"widget\" data-settings=\"{&quot;video_type&quot;:&quot;hosted&quot;,&quot;autoplay&quot;:&quot;yes&quot;,&quot;loop&quot;:&quot;yes&quot;}\" data-widget_type=\"video.default\">\n\t\t\t\t<div class=\"elementor-widget-container\">\n\t\t\t\t\t\t\t<div class=\"e-hosted-video elementor-wrapper elementor-open-inline\">\n\t\t\t\t\t<video class=\"elementor-video\" src=\"https:\/\/seamaster.media\/wp-content\/uploads\/2025\/12\/NEWseamaster.media_christmas_shopping_people_pass_by_-ar_32_-v_c2decc0b-1ae4-472e-8a6c-0b794efb4800_3.mp4\" autoplay=\"\" loop=\"\" controlsList=\"nodownload\" poster=\"https:\/\/seamaster.media\/wp-content\/uploads\/2025\/12\/NEW-seamaster.media_add_eiffel_tower_in_the_far_background_-ar_3_15283ff3-54f0-42d1-9617-ebc621274a06_0.jpg\"><\/video>\n\t\t\t\t<\/div>\n\t\t\t\t\t\t<\/div>\n\t\t\t\t<\/div>\n\t\t\t\t<div class=\"elementor-element elementor-element-7c3ba02 elementor-widget elementor-widget-spacer\" data-id=\"7c3ba02\" data-element_type=\"widget\" data-e-type=\"widget\" data-widget_type=\"spacer.default\">\n\t\t\t\t<div class=\"elementor-widget-container\">\n\t\t\t\t\t\t\t<div class=\"elementor-spacer\">\n\t\t\t<div class=\"elementor-spacer-inner\"><\/div>\n\t\t<\/div>\n\t\t\t\t\t\t<\/div>\n\t\t\t\t<\/div>\n\t\t\t\t<div class=\"elementor-element elementor-element-966ed19 elementor-widget elementor-widget-heading\" data-id=\"966ed19\" data-element_type=\"widget\" data-e-type=\"widget\" data-widget_type=\"heading.default\">\n\t\t\t\t<div class=\"elementor-widget-container\">\n\t\t\t\t\t<h3 class=\"elementor-heading-title elementor-size-default\">Warum Community die Zukunft des Storytellings ist (Und wie LOVERS UNITE sie aufbaut)<\/h3>\t\t\t\t<\/div>\n\t\t\t\t<\/div>\n\t\t\t\t<div class=\"elementor-element elementor-element-546da28 elementor-widget elementor-widget-spacer\" data-id=\"546da28\" data-element_type=\"widget\" data-e-type=\"widget\" data-widget_type=\"spacer.default\">\n\t\t\t\t<div class=\"elementor-widget-container\">\n\t\t\t\t\t\t\t<div class=\"elementor-spacer\">\n\t\t\t<div class=\"elementor-spacer-inner\"><\/div>\n\t\t<\/div>\n\t\t\t\t\t\t<\/div>\n\t\t\t\t<\/div>\n\t\t\t\t<div class=\"elementor-element elementor-element-a1a3937 elementor-widget elementor-widget-text-editor\" data-id=\"a1a3937\" data-element_type=\"widget\" data-e-type=\"widget\" data-widget_type=\"text-editor.default\">\n\t\t\t\t<div class=\"elementor-widget-container\">\n\t\t\t\t\t\t\t\t\t<p class=\"ds-markdown-paragraph\">Vergesst die glamour\u00f6se Premiere. Vergesst das Einspielergebnis am Er\u00f6ffnungswochenende. In der sich st\u00e4ndig wandelnden Welt von Micro-Dramas, KI-unterst\u00fctzten Filmen und endlosen Content-Str\u00f6men gibt es nur eine wahre Messgr\u00f6\u00dfe f\u00fcr dauerhaften Erfolg: <strong>Die St\u00e4rke eurer Community.<\/strong><\/p><p class=\"ds-markdown-paragraph\">Bei <strong>LOVERS UNITE<\/strong> verstehen wir, dass moderne Medien kein zu konsumierendes Produkt mehr sind, sondern ein Universum, das man <em>bewohnen<\/em> kann. Unsere Identit\u00e4t als kreative Menschen ist in diesem Glauben verwurzelt. Wir produzieren nicht einfach nur Content; wir sind <strong>Architekten von Versammlungsorten<\/strong>. Wir binden Menschen ein, die Kreativit\u00e4t und Einheit in Liebe und Freundlichkeit lieben, weil wir wissen: Eine Geschichte, die mit dem Abspann endet, verfehlt ihr ultimatives Potenzial.<\/p><p class=\"ds-markdown-paragraph\">Die mutigen Gespr\u00e4che, die wir f\u00fchren wollen, handeln genau von dieser Verschiebung. Es ist der Wandel vom Publikum als Metrik zur Community als Mit-Sch\u00f6pfer. In einer Welt algorithmischer Feeds und passiven Scrollens entscheiden wir uns daf\u00fcr, <strong>aktive, pulsierende Zentren geteilter Leidenschaft<\/strong> aufzubauen. Liebe ist in diesem Kontext der mutige Einsatz f\u00fcr diese gemeinsame Sch\u00f6pfung.<\/p><p>\u00a0<\/p><h3><strong>Warum Community die nicht verhandelbare Zukunft ist<\/strong><\/h3><p class=\"ds-markdown-paragraph\">Das alte Modell war ein Monolog: Ein Studio sendet, ein Publikum empf\u00e4ngt. Dieses Modell zerschellt an 90-sek\u00fcndigen Micro-Dramas in sozialen Netzwerken und KI-generierten Filmen, die personalisiert und neu gemischt werden k\u00f6nnen. Wenn Content im \u00dcberfluss vorhanden und die Kreation demokratisiert ist, wird <strong>Aufmerksamkeit zur knappen Ressource.<\/strong> Man gewinnt sie nicht mit einem lauteren Monolog. Man gewinnt sie, indem man Menschen zu einem Dialog einl\u00e4dt, in dem sie sich gesehen, geh\u00f6rt und wertgesch\u00e4tzt f\u00fchlen.<\/p><p class=\"ds-markdown-paragraph\">Community ist der Schl\u00fcssel, weil:<\/p><ol><li class=\"ds-markdown-paragraph\">Sie <strong>Kontext und Bedeutung<\/strong> \u00fcber den Clip hinaus bietet.<\/li><li class=\"ds-markdown-paragraph\">Sie <strong>Zugeh\u00f6rigkeit<\/strong> in einer fragmentierten digitalen Welt schenkt.<\/li><li class=\"ds-markdown-paragraph\">Sie Zuschauer in <strong>Botschafter und H\u00fcter<\/strong> der Story-Welt verwandelt.<br \/><br \/><\/li><\/ol><h3><strong>Der LOVERS UNITE-Ansatz: Gemeinsam mutige neue Welten bauen<\/strong><\/h3><p class=\"ds-markdown-paragraph\">Hier verwandelt unsere Philosophie Werkzeuge in Motoren der Verbindung. So bauen wir Community als Kernprodukt, besonders f\u00fcr Next-Gen-Formate:<\/p><p>\u00a0<\/p><h4><strong>F\u00fcr Micro-Dramas &amp; Short-Form-Serien: Das &#8222;Zwischen-den-Sekunden&#8220;-Universum<\/strong><\/h4><p class=\"ds-markdown-paragraph\">Eine 60-Sekunden-Folge kann fl\u00fcchtig wirken. Aber eine 60-Sekunden-Folge, die eine <strong>24\/7-Spekulations-Community<\/strong> ins Leben ruft, ist ein Imperium.<\/p><ul><li class=\"ds-markdown-paragraph\"><strong>KI-gest\u00fctzte Deep Dives:<\/strong> Nach einer Micro-Episode optimiert unsere KI nicht nur den Post \u2013 sie <strong>initiiert das Gespr\u00e4ch<\/strong>. Sie identifiziert die drei st\u00e4rksten Fan-Theorien in den Kommentaren und erstellt f\u00fcr jede wundersch\u00f6ne, teilenswerte Grafiken. Sie fordert auf: <em>&#8222;Welches versteckte Detail habt ihr entdeckt? Stimmt \u00fcber die wahre Motivation des Charakters ab.&#8220;<br \/><br \/><\/em><\/li><li class=\"ds-markdown-paragraph\"><strong>Charakter-Chatbots &amp; narrative Sonden:<\/strong> Fans diskutieren nicht nur \u00fcber den mysteri\u00f6sen Helden; sie k\u00f6nnen in einem dedizierten Server ein <strong>Echtzeit-Chat-Gespr\u00e4ch mit ihm f\u00fchren<\/strong>, das von KI erm\u00f6glicht wird. Das ist kein generisches Q&amp;A; es bleibt im Charakter, webt Lore ein und streut subtile Hinweise f\u00fcr die n\u00e4chste Folge \u2013 so f\u00fchlt sich die Story-Welt in den Pausen lebendig an.<br \/><br \/><\/li><li class=\"ds-markdown-paragraph\"><strong>Community-gesteuertes &#8222;Was kommt als n\u00e4chstes?&#8220;:<\/strong> Mit Sentiment-Analyse und Umfragedaten messen wir nicht nur, was Fans mochten, sondern <strong>wonach sie sich sehnen<\/strong>. Soll die Romanze intensiver werden? Soll die Wendung noch twistiger? Dieses Feedback beeinflusst direkt die agile Produktion kommender Micro-Episoden und schafft eine echte Feedback-Schleife. Die Geschichte wird <em>zu ihrer Geschichte<\/em>.<br \/><br \/><\/li><\/ul><h4><strong>F\u00fcr KI-Filme &amp; -Serien: Co-Creation als ultimative Bindung<\/strong><\/h4><p class=\"ds-markdown-paragraph\">Wenn KI Teil des kreativen Prozesses ist, muss es die Community auch sein. So verwandelt sich potenzielle Skepsis (&#8222;das hat eine Maschine gemacht&#8220;) in kollektives Eigentum (&#8222;<em>wir<\/em> haben die Maschine dazu gebracht, das zu machen&#8220;).<\/p><ul><li class=\"ds-markdown-paragraph\"><strong>&#8222;Build-The-World&#8220;-Sessions:<\/strong> In der Pre-Production eines KI-unterst\u00fctzten Films nutzen wir Community-Plattformen f\u00fcr <strong>kollaboratives Brainstorming<\/strong>. Die KI generiert Concept Art basierend auf Prompt-Battles (&#8222;<em>Futuristische Stadt, aber mit Freundlichkeit als W\u00e4hrung \u2013 LOS<\/em>&#8222;). Fans stimmen ab, verfeinern und sehen ihre kollektive Imagination im finalen \u00e4sthetischen Gesamtergebnis reflektiert. Sie sind buchst\u00e4bliche Weltensch\u00f6pfer.<br \/><br \/><\/li><li class=\"ds-markdown-paragraph\"><strong>Fan-gesteuerte Kanon-Erweiterung:<\/strong> Der Community werden KI-Tools bereitgestellt \u2013 einfache Prompt-Vorlagen f\u00fcr Charakter-Backstories, Szenerweiterungen oder alternative Enden. Der beste, von der Community geliebte, fan-generierte Content kann als <strong>&#8222;Side-Canon&#8220; offiziell anerkannt<\/strong> werden oder sogar Fortsetzungen beeinflussen. Das best\u00e4tigt, dass ihre Kreativit\u00e4t ein gesch\u00e4tzter Teil des \u00d6kosystems ist.<br \/><br \/><\/li><li class=\"ds-markdown-paragraph\"><strong>Der sentimentsgesteuerte Schnitt:<\/strong> Bei laufenden KI-Serien \u00fcberwacht die Sentiment-Analyse die emotionale Reaktion der Community auf narrative B\u00f6gen. Wenn das Opfer eines geliebten Charakters allgemeine Trauer ausl\u00f6ste, wird vielleicht eine KI-generierte &#8222;gel\u00f6schte Szene&#8220; oder ein gef\u00fchlvoller Brief des Charakters an die Community released \u2013 das <strong>heilt und vertieft die emotionale Bindung<\/strong>. Es zeigt, dass wir mit Empathie zuh\u00f6ren.<br \/><br \/><\/li><\/ul><h3><strong>Das vereinende Prinzip: Von Superfans zu &#8222;Story Guardians&#8220; (Geschichten-H\u00fctern)<\/strong><\/h3><p class=\"ds-markdown-paragraph\">Unsere Technologie identifiziert Superfans nicht f\u00fcr kalte Influencer-Marketing-Kampagnen, sondern um sie zu <strong>&#8222;Story Guardians&#8220; zu ernennen.<\/strong> Das sind die mutigen Liebenden im Herzen der Community. Wir erm\u00e4chtigen sie mit Early Access, direkten Kan\u00e4len zu den Creators und Moderations-Tools. Sie helfen, die Kultur der Freundlichkeit zu pflegen und die eigenen Werte der Community durchzusetzen \u2013 denn es ist <em>ihr<\/em> Zuhause.<\/p><p class=\"ds-markdown-paragraph\">In der Medienzukunft ist eure IP nur so stark wie die Community, die sie besch\u00fctzt, erweitert und in ihr lebt. Ein Blockbuster kann in einer Woche vergessen sein. Eine <strong>Community, die auf der geteilten Liebe zu einer Story-Welt aufbaut, kann ein Leben lang halten.<\/strong><\/p><p class=\"ds-markdown-paragraph\"><strong>LOVERS UNITE<\/strong> hat sich dem Aufbau dieser mutigen neuen Welten verschrieben. Wir nutzen KI nicht, um die Menschlichkeit aus der Gleichung zu automatisieren, sondern um <strong>die Menschlichkeit in ihr zu skalieren.<\/strong> Um die Logistik zu managen, damit wir uns auf die Liebe konzentrieren k\u00f6nnen. Um im gro\u00dfen Ma\u00dfstab zuzuh\u00f6ren, damit wir mit Freundlichkeit antworten k\u00f6nnen. Um die Pinsel bereitzustellen, damit unsere Community mit uns gemeinsam auf der Leinwand der Geschichte malen kann.<\/p><p class=\"ds-markdown-paragraph\">Denn in der Zukunft geht es nicht darum, wer das gr\u00f6\u00dfte Budget hat. Es geht darum, wer die <strong>mutigste, liebevollste und geeinteste Community aufbaut.<\/strong> Und das ist eine Geschichte, die wir <strong>gemeinsam<\/strong> schreiben.<\/p><hr \/><p class=\"ds-markdown-paragraph\" style=\"text-align: center;\"><strong>LOVERS UNITE | Wir bauen nicht nur Publikum auf. Wir bauen Heime f\u00fcr Herzen.<\/strong><\/p>\t\t\t\t\t\t\t\t<\/div>\n\t\t\t\t<\/div>\n\t\t\t\t\t<\/div>\n\t\t\t\t<\/div>\n\t\t\t\t<\/div>\n\t\t","protected":false},"excerpt":{"rendered":"<p>Der Unzerst\u00f6rbare Kern: https:\/\/seamaster.media\/wp-content\/uploads\/2025\/12\/NEWseamaster.media_christmas_shopping_people_pass_by_-ar_32_-v_c2decc0b-1ae4-472e-8a6c-0b794efb4800_3.mp4 Warum Community die Zukunft des Storytellings ist (Und wie LOVERS UNITE sie aufbaut) [&hellip;]<\/p>\n","protected":false},"author":1,"featured_media":0,"parent":0,"menu_order":0,"comment_status":"closed","ping_status":"closed","template":"","meta":{"slim_seo":{"title":"Lovers Unite - Seamaster Media","description":"Der Unzerst\u00f6rbare Kern: https:\/\/seamaster.media\/wp-content\/uploads\/2025\/12\/NEWseamaster.media_christmas_shopping_people_pass_by_-ar_32_-v_c2decc0b-1ae4-472e-8a6"},"footnotes":""},"class_list":["post-8007","page","type-page","status-publish","hentry"],"_links":{"self":[{"href":"https:\/\/seamaster.media\/index.php\/wp-json\/wp\/v2\/pages\/8007","targetHints":{"allow":["GET"]}}],"collection":[{"href":"https:\/\/seamaster.media\/index.php\/wp-json\/wp\/v2\/pages"}],"about":[{"href":"https:\/\/seamaster.media\/index.php\/wp-json\/wp\/v2\/types\/page"}],"author":[{"embeddable":true,"href":"https:\/\/seamaster.media\/index.php\/wp-json\/wp\/v2\/users\/1"}],"replies":[{"embeddable":true,"href":"https:\/\/seamaster.media\/index.php\/wp-json\/wp\/v2\/comments?post=8007"}],"version-history":[{"count":0,"href":"https:\/\/seamaster.media\/index.php\/wp-json\/wp\/v2\/pages\/8007\/revisions"}],"wp:attachment":[{"href":"https:\/\/seamaster.media\/index.php\/wp-json\/wp\/v2\/media?parent=8007"}],"curies":[{"name":"wp","href":"https:\/\/api.w.org\/{rel}","templated":true}]}}