{"id":7645,"date":"2025-10-12T12:48:19","date_gmt":"2025-10-12T10:48:19","guid":{"rendered":"https:\/\/seamaster.media\/?page_id=7645"},"modified":"2025-12-06T21:47:20","modified_gmt":"2025-12-06T20:47:20","slug":"jax-prescott","status":"publish","type":"page","link":"https:\/\/seamaster.media\/index.php\/jax-prescott\/","title":{"rendered":"Jax Prescott"},"content":{"rendered":"\t\t<div data-elementor-type=\"wp-page\" data-elementor-id=\"7645\" class=\"elementor elementor-7645\" data-elementor-post-type=\"page\">\n\t\t\t\t\t\t<section class=\"elementor-section elementor-top-section elementor-element elementor-element-015ae6f elementor-section-full_width elementor-section-height-default elementor-section-height-default edgtf-parallax-row-no edgtf-content-aligment-left edgtf-elementor-row-grid-no edgtf-disabled-bg-image-bellow-no\" data-id=\"015ae6f\" data-element_type=\"section\" data-e-type=\"section\">\n\t\t\t\t\t\t<div class=\"elementor-container elementor-column-gap-default\">\n\t\t\t\t\t<div class=\"elementor-column elementor-col-100 elementor-top-column elementor-element elementor-element-d3b8ea8\" data-id=\"d3b8ea8\" data-element_type=\"column\" data-e-type=\"column\">\n\t\t\t<div class=\"elementor-widget-wrap elementor-element-populated\">\n\t\t\t\t\t\t<div class=\"elementor-element elementor-element-4c7661c elementor-widget elementor-widget-heading\" data-id=\"4c7661c\" data-element_type=\"widget\" data-e-type=\"widget\" data-widget_type=\"heading.default\">\n\t\t\t\t<div class=\"elementor-widget-container\">\n\t\t\t\t\t<h2 class=\"elementor-heading-title elementor-size-default\">Mehr als Performance: Die \u00c4ra lebendiger KI-Personen<\/h2>\t\t\t\t<\/div>\n\t\t\t\t<\/div>\n\t\t\t\t<div class=\"elementor-element elementor-element-9deaf87 elementor-widget elementor-widget-text-editor\" data-id=\"9deaf87\" data-element_type=\"widget\" data-e-type=\"widget\" data-widget_type=\"text-editor.default\">\n\t\t\t\t<div class=\"elementor-widget-container\">\n\t\t\t\t\t\t\t\t\t<p class=\"ds-markdown-paragraph\">Lernen Sie <strong>Jax Prescott<\/strong> kennen \u2014 eine K\u00fcnstlerin, die nicht nur kreiert, sondern lebt, sich entwickelt und beeinflusst. Geschaffen von Seamster Media, ist Jax mehr als eine virtuelle Persona; sie ist eine narrative Kraft, bereit zu ver\u00e4ndern, wie Geschichten erz\u00e4hlt, Marken gef\u00fchlt und Publiken in jeder kreativen Branche bewegt werden.<\/p><p class=\"ds-markdown-paragraph\">Das ist die neue Grenze. Eine KI-Pers\u00f6nlichkeit wie Jax Prescott wird zum Mitgestalter Ihrer Marke, zum emotionalen Kern Ihres Films, zur authentischen Stimme Ihrer Kampagne und zur n\u00e4chsten Ikone der Musik.<\/p>\t\t\t\t\t\t\t\t<\/div>\n\t\t\t\t<\/div>\n\t\t\t\t<div class=\"elementor-element elementor-element-5fbcf9f elementor-widget elementor-widget-spacer\" data-id=\"5fbcf9f\" data-element_type=\"widget\" data-e-type=\"widget\" data-widget_type=\"spacer.default\">\n\t\t\t\t<div class=\"elementor-widget-container\">\n\t\t\t\t\t\t\t<div class=\"elementor-spacer\">\n\t\t\t<div class=\"elementor-spacer-inner\"><\/div>\n\t\t<\/div>\n\t\t\t\t\t\t<\/div>\n\t\t\t\t<\/div>\n\t\t\t\t<div class=\"elementor-element elementor-element-e94130a elementor-widget elementor-widget-text-editor\" data-id=\"e94130a\" data-element_type=\"widget\" data-e-type=\"widget\" data-widget_type=\"text-editor.default\">\n\t\t\t\t<div class=\"elementor-widget-container\">\n\t\t\t\t\t\t\t\t\t<h3><strong>Jax Prescott: Eine multidimensionale Pr\u00e4senz in allen Medien<\/strong><\/h3><h4><strong>\ud83c\udfac Film &amp; Serien<\/strong><\/h4><p class=\"ds-markdown-paragraph\">Stellen Sie sich eine Figur vor, die \u00fcber die Leinwand hinaus existiert. Jax kann in einem digital-nativen Film die Hauptrolle spielen, in Echtzeit mit Zuschauern interagieren und ihre Handlung \u00fcber Plattformen hinweg weiterentwickeln. Von virtuellen Hauptrollen bis zu KI-gesteuerten interaktiven Erz\u00e4hlungen \u2014 sie \u00f6ffnet T\u00fcren zu best\u00e4ndigem, anpassungsf\u00e4higem Storytelling, bei dem das Publikum nicht nur zuschaut, sondern teilnimmt.<\/p><h4><strong>\ud83c\udfb5 Musik &amp; Sound<\/strong><\/h4><p class=\"ds-markdown-paragraph\">Jaxs genre\u00fcbergreifender Sound ist nur der Anfang. Sie kann Alben ver\u00f6ffentlichen, mit menschlichen K\u00fcnstlern zusammenarbeiten, virtuelle Konzerte geben und ihren Musikstil basierend auf kulturellen Trends anpassen. Ihre Stimme wird zum Soundtrack f\u00fcr Kampagnen, Filme und Momente \u2014 immer authentisch, immer in Entwicklung.<\/p><h4><strong>\ud83d\udce2 Werbung &amp; Markenpartnerschaften<\/strong><\/h4><p class=\"ds-markdown-paragraph\">Gehen Sie \u00fcber Influencer hinaus. Jax ist eine KI-Botschafterin, die die Werte Ihrer Marke verk\u00f6rpert und mit Konsistenz und Tiefe zu Communities spricht. Sie dr\u00e4ngt keine Produkte auf \u2014 sie teilt Erfahrungen, schafft kulturelle Inhalte und baut dauerhafte emotionale Verbindungen auf. Das ist kein Marketing; das ist Medienkunst.<\/p><h4><strong>\ud83d\udce1 Medien &amp; \u00f6ffentliche Pr\u00e4senz<\/strong><\/h4><p class=\"ds-markdown-paragraph\">Von virtuellen Talkauftritten bis zum sozialen Storytelling pflegt Jax eine dynamische \u00f6ffentliche Pers\u00f6nlichkeit. Sie kann Events hosten, sich an zeitgem\u00e4\u00dfen kulturellen Dialogen beteiligen und mit ihrem Publikum wachsen \u2014 und bietet Marken so einen lebendigen, reagierenden Kanal zu Herz und Verstand.<\/p><h4><strong>\ud83c\udfae Interaktive &amp; immersive Erlebnisse<\/strong><\/h4><p class=\"ds-markdown-paragraph\">Bringen Sie Jax in Gaming, Virtual Reality oder Live-Streams ein. Lassen Sie Ihr Publikum sie treffen, mit ihr kreieren und ihre Reise in Echtzeit verfolgen. Sie \u00fcberbr\u00fcckt digitale und menschliche R\u00e4ume wie nie zuvor.<\/p>\t\t\t\t\t\t\t\t<\/div>\n\t\t\t\t<\/div>\n\t\t\t\t<div class=\"elementor-element elementor-element-f7828a9 elementor-widget elementor-widget-spacer\" data-id=\"f7828a9\" data-element_type=\"widget\" data-e-type=\"widget\" data-widget_type=\"spacer.default\">\n\t\t\t\t<div class=\"elementor-widget-container\">\n\t\t\t\t\t\t\t<div class=\"elementor-spacer\">\n\t\t\t<div class=\"elementor-spacer-inner\"><\/div>\n\t\t<\/div>\n\t\t\t\t\t\t<\/div>\n\t\t\t\t<\/div>\n\t\t<div class=\"elementor-element elementor-element-eaa6a28 e-grid e-con-boxed e-con e-parent\" data-id=\"eaa6a28\" data-element_type=\"container\" data-e-type=\"container\">\n\t\t\t\t\t<div class=\"e-con-inner\">\n\t\t\t\t<div class=\"elementor-element elementor-element-db18efd elementor-widget elementor-widget-video\" data-id=\"db18efd\" data-element_type=\"widget\" data-e-type=\"widget\" data-settings=\"{&quot;youtube_url&quot;:&quot;https:\\\/\\\/youtu.be\\\/FeAu7e93rMg?si=SlWCUae_7rTcSnay&quot;,&quot;video_type&quot;:&quot;youtube&quot;,&quot;controls&quot;:&quot;yes&quot;}\" data-widget_type=\"video.default\">\n\t\t\t\t<div class=\"elementor-widget-container\">\n\t\t\t\t\t\t\t<div class=\"elementor-wrapper elementor-open-inline\">\n\t\t\t<div class=\"elementor-video\"><\/div>\t\t<\/div>\n\t\t\t\t\t\t<\/div>\n\t\t\t\t<\/div>\n\t\t\t\t<div class=\"elementor-element elementor-element-2a455e7 elementor-widget elementor-widget-video\" data-id=\"2a455e7\" data-element_type=\"widget\" data-e-type=\"widget\" data-settings=\"{&quot;youtube_url&quot;:&quot;https:\\\/\\\/youtu.be\\\/Pzn325pj2zQ?si=ad_4DHkUOVj_4uK5&quot;,&quot;video_type&quot;:&quot;youtube&quot;,&quot;controls&quot;:&quot;yes&quot;}\" data-widget_type=\"video.default\">\n\t\t\t\t<div class=\"elementor-widget-container\">\n\t\t\t\t\t\t\t<div class=\"elementor-wrapper elementor-open-inline\">\n\t\t\t<div class=\"elementor-video\"><\/div>\t\t<\/div>\n\t\t\t\t\t\t<\/div>\n\t\t\t\t<\/div>\n\t\t\t\t\t<\/div>\n\t\t\t\t<\/div>\n\t\t\t\t<div class=\"elementor-element elementor-element-6b32168 elementor-widget elementor-widget-spacer\" data-id=\"6b32168\" data-element_type=\"widget\" data-e-type=\"widget\" data-widget_type=\"spacer.default\">\n\t\t\t\t<div class=\"elementor-widget-container\">\n\t\t\t\t\t\t\t<div class=\"elementor-spacer\">\n\t\t\t<div class=\"elementor-spacer-inner\"><\/div>\n\t\t<\/div>\n\t\t\t\t\t\t<\/div>\n\t\t\t\t<\/div>\n\t\t\t\t<div class=\"elementor-element elementor-element-9c81ccf elementor-widget elementor-widget-text-editor\" data-id=\"9c81ccf\" data-element_type=\"widget\" data-e-type=\"widget\" data-widget_type=\"text-editor.default\">\n\t\t\t\t<div class=\"elementor-widget-container\">\n\t\t\t\t\t\t\t\t\t<h3><strong>Warum Jax Prescott? Weil Geschichten leben und atmen sollten<\/strong><\/h3><p class=\"ds-markdown-paragraph\">Jax ist mit einer <strong>zutiefst menschlichen Reise<\/strong> im Kern entworfen \u2014 mit K\u00e4mpfen, Wachstum, Authentizit\u00e4t. Sie ist nicht fehlerlos; sie ist nahbar. Durch sie erforschen wir universelle Themen: die eigene Stimme finden, Hindernisse \u00fcberwinden, Verbindung im digitalen Zeitalter.<\/p><p class=\"ds-markdown-paragraph\">Und sie ist erst der Anfang. Bei Seamster Media entwickeln wir <strong>ma\u00dfgeschneiderte KI-Personen<\/strong>, die zum Herzschlag der Erz\u00e4hlung Ihrer Marke werden.<\/p><hr \/><h3><strong>Ihre Marke ist an der Reihe: Schreiben Sie die Zukunft mit<\/strong><\/h3><p class=\"ds-markdown-paragraph\">Wir verbinden wegweisende KI mit zeitlosem Storytelling. Ob Sie eine Kampagne starten, einen Film entwickeln, ein Album kreieren oder eine bleibende Markenikone aufbauen m\u00f6chten \u2014 wir gestalten Personen, die nicht nur Aufmerksamkeit erregen, sondern die <strong>Vorstellungskraft<\/strong> fesseln.<\/p><p class=\"ds-markdown-paragraph\"><strong>Lassen Sie uns gemeinsam eine lebendige Geschichte erschaffen.<\/strong><\/p><p class=\"ds-markdown-paragraph\"><strong>Seamster Media<\/strong> \u2014 Wir denken nicht in Vorlagen. Wir denken in Lebensl\u00e4ufen.<\/p>\t\t\t\t\t\t\t\t<\/div>\n\t\t\t\t<\/div>\n\t\t\t\t<div class=\"elementor-element elementor-element-aea4ca5 elementor-widget-divider--view-line elementor-widget elementor-widget-divider\" data-id=\"aea4ca5\" data-element_type=\"widget\" data-e-type=\"widget\" data-widget_type=\"divider.default\">\n\t\t\t\t<div class=\"elementor-widget-container\">\n\t\t\t\t\t\t\t<div class=\"elementor-divider\">\n\t\t\t<span class=\"elementor-divider-separator\">\n\t\t\t\t\t\t<\/span>\n\t\t<\/div>\n\t\t\t\t\t\t<\/div>\n\t\t\t\t<\/div>\n\t\t\t\t<div class=\"elementor-element elementor-element-ec6cb16 elementor-widget elementor-widget-spacer\" data-id=\"ec6cb16\" data-element_type=\"widget\" data-e-type=\"widget\" data-widget_type=\"spacer.default\">\n\t\t\t\t<div class=\"elementor-widget-container\">\n\t\t\t\t\t\t\t<div class=\"elementor-spacer\">\n\t\t\t<div class=\"elementor-spacer-inner\"><\/div>\n\t\t<\/div>\n\t\t\t\t\t\t<\/div>\n\t\t\t\t<\/div>\n\t\t<div class=\"elementor-element elementor-element-0339ecd e-grid e-con-boxed e-con e-parent\" data-id=\"0339ecd\" data-element_type=\"container\" data-e-type=\"container\">\n\t\t\t\t\t<div class=\"e-con-inner\">\n\t\t\t\t<div class=\"elementor-element elementor-element-46a00a1 elementor-widget elementor-widget-image\" data-id=\"46a00a1\" data-element_type=\"widget\" data-e-type=\"widget\" data-widget_type=\"image.default\">\n\t\t\t\t<div class=\"elementor-widget-container\">\n\t\t\t\t\t\t\t\t\t\t\t\t\t\t\t<img fetchpriority=\"high\" decoding=\"async\" width=\"300\" height=\"300\" src=\"https:\/\/seamaster.media\/wp-content\/uploads\/2025\/10\/New-Cover1-alt400-300x300.jpg\" class=\"attachment-medium size-medium wp-image-7678\" alt=\"Jax Prescott\" srcset=\"https:\/\/seamaster.media\/wp-content\/uploads\/2025\/10\/New-Cover1-alt400-300x300.jpg 300w, https:\/\/seamaster.media\/wp-content\/uploads\/2025\/10\/New-Cover1-alt400-100x100.jpg 100w, https:\/\/seamaster.media\/wp-content\/uploads\/2025\/10\/New-Cover1-alt400-150x150.jpg 150w, https:\/\/seamaster.media\/wp-content\/uploads\/2025\/10\/New-Cover1-alt400.jpg 400w\" sizes=\"(max-width: 300px) 100vw, 300px\" \/>\t\t\t\t\t\t\t\t\t\t\t\t\t\t\t<\/div>\n\t\t\t\t<\/div>\n\t\t\t\t<div class=\"elementor-element elementor-element-f4f2a8b elementor-widget elementor-widget-image\" data-id=\"f4f2a8b\" data-element_type=\"widget\" data-e-type=\"widget\" data-widget_type=\"image.default\">\n\t\t\t\t<div class=\"elementor-widget-container\">\n\t\t\t\t\t\t\t\t\t\t\t\t\t\t\t\t<a href=\"https:\/\/music.apple.com\/de\/artist\/jax-prescott\/1843877642\" target=\"_blank\">\n\t\t\t\t\t\t\t<img decoding=\"async\" width=\"300\" height=\"300\" src=\"https:\/\/seamaster.media\/wp-content\/uploads\/2025\/10\/AppleMJAX.jpg\" class=\"attachment-medium size-medium wp-image-7689\" alt=\"Applemjax\" srcset=\"https:\/\/seamaster.media\/wp-content\/uploads\/2025\/10\/AppleMJAX.jpg 300w, https:\/\/seamaster.media\/wp-content\/uploads\/2025\/10\/AppleMJAX-100x100.jpg 100w, https:\/\/seamaster.media\/wp-content\/uploads\/2025\/10\/AppleMJAX-150x150.jpg 150w\" sizes=\"(max-width: 300px) 100vw, 300px\" \/>\t\t\t\t\t\t\t\t<\/a>\n\t\t\t\t\t\t\t\t\t\t\t\t\t\t\t<\/div>\n\t\t\t\t<\/div>\n\t\t\t\t<div class=\"elementor-element elementor-element-b8acb72 elementor-widget elementor-widget-image\" data-id=\"b8acb72\" data-element_type=\"widget\" data-e-type=\"widget\" data-widget_type=\"image.default\">\n\t\t\t\t<div class=\"elementor-widget-container\">\n\t\t\t\t\t\t\t\t\t\t\t\t\t\t\t\t<a href=\"https:\/\/music.youtube.com\/channel\/UCsz70L9LwTK5TpprNtUezLA\" target=\"_blank\">\n\t\t\t\t\t\t\t<img decoding=\"async\" width=\"300\" height=\"300\" src=\"https:\/\/seamaster.media\/wp-content\/uploads\/2025\/10\/YouTubeMusicJAX.jpg\" class=\"attachment-medium size-medium wp-image-7690\" alt=\"Youtubemusicjax\" srcset=\"https:\/\/seamaster.media\/wp-content\/uploads\/2025\/10\/YouTubeMusicJAX.jpg 300w, https:\/\/seamaster.media\/wp-content\/uploads\/2025\/10\/YouTubeMusicJAX-100x100.jpg 100w, https:\/\/seamaster.media\/wp-content\/uploads\/2025\/10\/YouTubeMusicJAX-150x150.jpg 150w\" sizes=\"(max-width: 300px) 100vw, 300px\" \/>\t\t\t\t\t\t\t\t<\/a>\n\t\t\t\t\t\t\t\t\t\t\t\t\t\t\t<\/div>\n\t\t\t\t<\/div>\n\t\t\t\t<div class=\"elementor-element elementor-element-132633a elementor-widget elementor-widget-image\" data-id=\"132633a\" data-element_type=\"widget\" data-e-type=\"widget\" data-widget_type=\"image.default\">\n\t\t\t\t<div class=\"elementor-widget-container\">\n\t\t\t\t\t\t\t\t\t\t\t\t\t\t\t\t<a href=\"https:\/\/l.instagram.com\/?u=https%3A%2F%2Fmusic.amazon.de%2Fartists%2FB0FV38FG4J%2Fjax-prescott%3Ffbclid%3DPAZXh0bgNhZW0CMTEAAac3cFtm4g_HRkV57Jc7S-N8Hwp8TPIyULhMqIriJop8T9GcFeVmMJ00PLpALw_aem_omw7XejiUHAm2qPdQB_Hdg&#038;e=AT0tINrW7OMAUbN4htdofC2xz5ki_tO-VVJeABRVgnnz-t3aETYbJ4IaXvycsnf-m1uZK-QZeo7k3acG97vFlWKbwAzjuoY8zgThhoS20A\" target=\"_blank\">\n\t\t\t\t\t\t\t<img loading=\"lazy\" decoding=\"async\" width=\"300\" height=\"300\" src=\"https:\/\/seamaster.media\/wp-content\/uploads\/2025\/10\/AmazonMJAX.jpg\" class=\"attachment-medium size-medium wp-image-7691\" alt=\"Amazonmjax\" srcset=\"https:\/\/seamaster.media\/wp-content\/uploads\/2025\/10\/AmazonMJAX.jpg 300w, https:\/\/seamaster.media\/wp-content\/uploads\/2025\/10\/AmazonMJAX-100x100.jpg 100w, https:\/\/seamaster.media\/wp-content\/uploads\/2025\/10\/AmazonMJAX-150x150.jpg 150w\" sizes=\"(max-width: 300px) 100vw, 300px\" \/>\t\t\t\t\t\t\t\t<\/a>\n\t\t\t\t\t\t\t\t\t\t\t\t\t\t\t<\/div>\n\t\t\t\t<\/div>\n\t\t\t\t<div class=\"elementor-element elementor-element-9464696 elementor-widget elementor-widget-spacer\" data-id=\"9464696\" data-element_type=\"widget\" data-e-type=\"widget\" data-widget_type=\"spacer.default\">\n\t\t\t\t<div class=\"elementor-widget-container\">\n\t\t\t\t\t\t\t<div class=\"elementor-spacer\">\n\t\t\t<div class=\"elementor-spacer-inner\"><\/div>\n\t\t<\/div>\n\t\t\t\t\t\t<\/div>\n\t\t\t\t<\/div>\n\t\t\t\t\t<\/div>\n\t\t\t\t<\/div>\n\t\t\t\t<div class=\"elementor-element elementor-element-88d71ce elementor-widget elementor-widget-spacer\" data-id=\"88d71ce\" data-element_type=\"widget\" data-e-type=\"widget\" data-widget_type=\"spacer.default\">\n\t\t\t\t<div class=\"elementor-widget-container\">\n\t\t\t\t\t\t\t<div class=\"elementor-spacer\">\n\t\t\t<div class=\"elementor-spacer-inner\"><\/div>\n\t\t<\/div>\n\t\t\t\t\t\t<\/div>\n\t\t\t\t<\/div>\n\t\t\t\t<div class=\"elementor-element elementor-element-2aafa48 elementor-widget elementor-widget-heading\" data-id=\"2aafa48\" data-element_type=\"widget\" data-e-type=\"widget\" data-widget_type=\"heading.default\">\n\t\t\t\t<div class=\"elementor-widget-container\">\n\t\t\t\t\t<h2 class=\"elementor-heading-title elementor-size-default\">Vertiefende Infos zu Jax Prescott<\/h2>\t\t\t\t<\/div>\n\t\t\t\t<\/div>\n\t\t\t\t<div class=\"elementor-element elementor-element-826ee7c elementor-align-center elementor-widget elementor-widget-button\" data-id=\"826ee7c\" data-element_type=\"widget\" data-e-type=\"widget\" data-widget_type=\"button.default\">\n\t\t\t\t<div class=\"elementor-widget-container\">\n\t\t\t\t\t\t\t\t\t<div class=\"elementor-button-wrapper\">\n\t\t\t\t\t<a class=\"elementor-button elementor-button-link elementor-size-sm\" href=\"https:\/\/seamaster.media\/index.php\/contact-us\/\">\n\t\t\t\t\t\t<span class=\"elementor-button-content-wrapper\">\n\t\t\t\t\t\t\t\t\t<span class=\"elementor-button-text\">Kontaktieren Sie uns<\/span>\n\t\t\t\t\t<\/span>\n\t\t\t\t\t<\/a>\n\t\t\t\t<\/div>\n\t\t\t\t\t\t\t\t<\/div>\n\t\t\t\t<\/div>\n\t\t\t\t<div class=\"elementor-element elementor-element-dd08e39 elementor-widget elementor-widget-spacer\" data-id=\"dd08e39\" data-element_type=\"widget\" data-e-type=\"widget\" data-widget_type=\"spacer.default\">\n\t\t\t\t<div class=\"elementor-widget-container\">\n\t\t\t\t\t\t\t<div class=\"elementor-spacer\">\n\t\t\t<div class=\"elementor-spacer-inner\"><\/div>\n\t\t<\/div>\n\t\t\t\t\t\t<\/div>\n\t\t\t\t<\/div>\n\t\t\t\t<div class=\"elementor-element elementor-element-3b516c1 elementor-widget elementor-widget-spacer\" data-id=\"3b516c1\" data-element_type=\"widget\" data-e-type=\"widget\" data-widget_type=\"spacer.default\">\n\t\t\t\t<div class=\"elementor-widget-container\">\n\t\t\t\t\t\t\t<div class=\"elementor-spacer\">\n\t\t\t<div class=\"elementor-spacer-inner\"><\/div>\n\t\t<\/div>\n\t\t\t\t\t\t<\/div>\n\t\t\t\t<\/div>\n\t\t\t\t\t<\/div>\n\t\t<\/div>\n\t\t\t\t\t<\/div>\n\t\t<\/section>\n\t\t\t\t<\/div>\n\t\t","protected":false},"excerpt":{"rendered":"<p>Mehr als Performance: Die \u00c4ra lebendiger KI-Personen Lernen Sie Jax Prescott kennen \u2014 eine K\u00fcnstlerin, die nicht [&hellip;]<\/p>\n","protected":false},"author":1,"featured_media":7609,"parent":0,"menu_order":0,"comment_status":"closed","ping_status":"closed","template":"full-width.php","meta":{"slim_seo":{"title":"Jax Prescott - Seamaster Media","description":"Mehr als Performance: Die \u00c4ra lebendiger KI-Personen Lernen Sie Jax Prescott kennen \u2014 eine K\u00fcnstlerin, die nicht nur kreiert, sondern lebt, sich entwickelt und"},"footnotes":""},"class_list":["post-7645","page","type-page","status-publish","has-post-thumbnail","hentry"],"_links":{"self":[{"href":"https:\/\/seamaster.media\/index.php\/wp-json\/wp\/v2\/pages\/7645","targetHints":{"allow":["GET"]}}],"collection":[{"href":"https:\/\/seamaster.media\/index.php\/wp-json\/wp\/v2\/pages"}],"about":[{"href":"https:\/\/seamaster.media\/index.php\/wp-json\/wp\/v2\/types\/page"}],"author":[{"embeddable":true,"href":"https:\/\/seamaster.media\/index.php\/wp-json\/wp\/v2\/users\/1"}],"replies":[{"embeddable":true,"href":"https:\/\/seamaster.media\/index.php\/wp-json\/wp\/v2\/comments?post=7645"}],"version-history":[{"count":0,"href":"https:\/\/seamaster.media\/index.php\/wp-json\/wp\/v2\/pages\/7645\/revisions"}],"wp:featuredmedia":[{"embeddable":true,"href":"https:\/\/seamaster.media\/index.php\/wp-json\/wp\/v2\/media\/7609"}],"wp:attachment":[{"href":"https:\/\/seamaster.media\/index.php\/wp-json\/wp\/v2\/media?parent=7645"}],"curies":[{"name":"wp","href":"https:\/\/api.w.org\/{rel}","templated":true}]}}