{"id":7575,"date":"2025-09-19T14:39:20","date_gmt":"2025-09-19T12:39:20","guid":{"rendered":"https:\/\/seamaster.media\/?page_id=7575"},"modified":"2025-12-08T10:34:12","modified_gmt":"2025-12-08T09:34:12","slug":"cv-zoe-warncke","status":"publish","type":"page","link":"https:\/\/seamaster.media\/index.php\/cv-zoe-warncke\/","title":{"rendered":"CV &#8211; Zoe Warncke"},"content":{"rendered":"\t\t<div data-elementor-type=\"wp-page\" data-elementor-id=\"7575\" class=\"elementor elementor-7575\" data-elementor-post-type=\"page\">\n\t\t\t\t<div class=\"elementor-element elementor-element-4260ab3 e-flex e-con-boxed e-con e-parent\" data-id=\"4260ab3\" data-element_type=\"container\" data-e-type=\"container\">\n\t\t\t\t\t<div class=\"e-con-inner\">\n\t\t\t\t<div class=\"elementor-element elementor-element-63a4bc2 elementor-widget elementor-widget-image\" data-id=\"63a4bc2\" data-element_type=\"widget\" data-e-type=\"widget\" data-widget_type=\"image.default\">\n\t\t\t\t<div class=\"elementor-widget-container\">\n\t\t\t\t\t\t\t\t\t\t\t\t\t\t\t<img fetchpriority=\"high\" decoding=\"async\" width=\"768\" height=\"474\" src=\"https:\/\/seamaster.media\/wp-content\/uploads\/2025\/02\/Zoe-Creators-768x474.webp\" class=\"attachment-medium_large size-medium_large wp-image-6143\" alt=\"Zoe Creators\" srcset=\"https:\/\/seamaster.media\/wp-content\/uploads\/2025\/02\/Zoe-Creators-768x474.webp 768w, https:\/\/seamaster.media\/wp-content\/uploads\/2025\/02\/Zoe-Creators-600x371.webp 600w, https:\/\/seamaster.media\/wp-content\/uploads\/2025\/02\/Zoe-Creators-300x185.webp 300w, https:\/\/seamaster.media\/wp-content\/uploads\/2025\/02\/Zoe-Creators.webp 800w\" sizes=\"(max-width: 768px) 100vw, 768px\" \/>\t\t\t\t\t\t\t\t\t\t\t\t\t\t\t<\/div>\n\t\t\t\t<\/div>\n\t\t\t\t<div class=\"elementor-element elementor-element-39d437e elementor-widget elementor-widget-spacer\" data-id=\"39d437e\" data-element_type=\"widget\" data-e-type=\"widget\" data-widget_type=\"spacer.default\">\n\t\t\t\t<div class=\"elementor-widget-container\">\n\t\t\t\t\t\t\t<div class=\"elementor-spacer\">\n\t\t\t<div class=\"elementor-spacer-inner\"><\/div>\n\t\t<\/div>\n\t\t\t\t\t\t<\/div>\n\t\t\t\t<\/div>\n\t\t\t\t<div class=\"elementor-element elementor-element-69f677b0 elementor-widget elementor-widget-text-editor\" data-id=\"69f677b0\" data-element_type=\"widget\" data-e-type=\"widget\" data-widget_type=\"text-editor.default\">\n\t\t\t\t<div class=\"elementor-widget-container\">\n\t\t\t\t\t\t\t\t\t\n<p><strong>Volljuristin<\/strong>&nbsp;mit eigener Anwaltskanzlei und Partnern \u2013 bis 2010 in<strong> D\u00fcsseldorf<\/strong><\/p>\n\n\n\n<p>Buchautorin f\u00fcr Schwarzkopf &amp; Schwarzkopf Verlag<strong> Berlin<\/strong><\/p>\n\n\n\n<p><strong>TV Host<\/strong>&nbsp;f\u00fcr SKY TV<strong> Berlin<\/strong><\/p>\n\n\n\n<p>Seit \u00fcber 13 Jahren&nbsp;<strong>Kreativdirektorin f\u00fcr diverses Projekte und Kunden.<\/strong><\/p>\n\n\n\n<p><strong>Editor-at-large <\/strong>bei COCOON Magazine und IRMA\u2019s WORLD. Kooperationen mit hochkar\u00e4tigen Kunden wie: H\u00e8rmes, PRADA, MIU MIU, BMW, Rolls Royce, Tom Ford etc. in<strong> New York<\/strong><\/p>\n\n\n\n<p><strong>Producer und Storyteller von\/f\u00fcr PR-Stories<\/strong>&nbsp;f\u00fcr BMW Motorr\u00e4der und die BMW Motorrad Days Germany und IMAGEWORX Germany in<strong> New York<\/strong>&nbsp;<\/p>\n\n\n\n<p><strong>ISA (International Screenwriters Association) Top 25 Drehbuchautorin 2019<\/strong>&nbsp;\u2013 mit \u00fcber 13 Auszeichnungen und Ehrungen in<strong> New York<\/strong><\/p>\n\n\n\n<p><strong>Zusammenarbeit<\/strong>&nbsp;mit hochkar\u00e4tigen K\u00fcnstlern wie Mick Rock und Lou Reed, Darwin Porter, Amanda Wachob, Antoine Verglas, Theodore Jemen, Lana Gordon etc. &nbsp;in<strong>&nbsp;New York.<\/strong><\/p>\n\n\n\n<p><strong>Kreativdirektorin f\u00fcr innovatives immersives Theaterkonzept:<\/strong>&nbsp;Projekt EDEN, EUROPA-PARK. Verantwortlich f\u00fcr die Renovierung der Spielst\u00e4tte mit Kosten von allein \u00fcber 500.000 Euro.<\/p>\n\n\n\n<p>Verantwortlich f\u00fcr Musik, Choreographie, Casting, Storytelling, AR-Erlebnis vor Ort, Kost\u00fcme etc.<\/p>\n\n\n\n<p>Jede Vorstellung ausverkauft. Anerkennung durch Vertreter des Cirque de Soleil und des Crazy Horse, die w\u00e4hrend des Er\u00f6ffnungsmonats Oktober 2023 als G\u00e4ste anwesend waren.<\/p>\n\n\n\n<p>Die Show l\u00e4uft weiterhin erfolgreich im <strong>EUROPA-PARK&nbsp;Rust<\/strong><\/p>\n\t\t\t\t\t\t\t\t<\/div>\n\t\t\t\t<\/div>\n\t\t\t\t\t<\/div>\n\t\t\t\t<\/div>\n\t\t\t\t<\/div>\n\t\t","protected":false},"excerpt":{"rendered":"<p>Volljuristin&nbsp;mit eigener Anwaltskanzlei und Partnern \u2013 bis 2010 in D\u00fcsseldorf Buchautorin f\u00fcr Schwarzkopf &amp; Schwarzkopf Verlag Berlin [&hellip;]<\/p>\n","protected":false},"author":1,"featured_media":0,"parent":0,"menu_order":0,"comment_status":"closed","ping_status":"closed","template":"","meta":{"slim_seo":{"title":"CV - Zoe Warncke - Seamaster Media","description":"Volljuristin &nbsp;mit eigener Anwaltskanzlei und Partnern \u2013 bis 2010 in D\u00fcsseldorf Buchautorin f\u00fcr Schwarzkopf &amp; Schwarzkopf Verlag Berlin TV Host &nbsp;f\u00fc"},"footnotes":""},"class_list":["post-7575","page","type-page","status-publish","hentry"],"_links":{"self":[{"href":"https:\/\/seamaster.media\/index.php\/wp-json\/wp\/v2\/pages\/7575","targetHints":{"allow":["GET"]}}],"collection":[{"href":"https:\/\/seamaster.media\/index.php\/wp-json\/wp\/v2\/pages"}],"about":[{"href":"https:\/\/seamaster.media\/index.php\/wp-json\/wp\/v2\/types\/page"}],"author":[{"embeddable":true,"href":"https:\/\/seamaster.media\/index.php\/wp-json\/wp\/v2\/users\/1"}],"replies":[{"embeddable":true,"href":"https:\/\/seamaster.media\/index.php\/wp-json\/wp\/v2\/comments?post=7575"}],"version-history":[{"count":0,"href":"https:\/\/seamaster.media\/index.php\/wp-json\/wp\/v2\/pages\/7575\/revisions"}],"wp:attachment":[{"href":"https:\/\/seamaster.media\/index.php\/wp-json\/wp\/v2\/media?parent=7575"}],"curies":[{"name":"wp","href":"https:\/\/api.w.org\/{rel}","templated":true}]}}