{"id":7569,"date":"2025-09-19T14:36:24","date_gmt":"2025-09-19T12:36:24","guid":{"rendered":"https:\/\/seamaster.media\/?page_id=7569"},"modified":"2025-12-08T10:21:00","modified_gmt":"2025-12-08T09:21:00","slug":"cv-alexander-gaefe","status":"publish","type":"page","link":"https:\/\/seamaster.media\/index.php\/cv-alexander-gaefe\/","title":{"rendered":"CV &#8211; Alexander Gaefe"},"content":{"rendered":"\t\t<div data-elementor-type=\"wp-page\" data-elementor-id=\"7569\" class=\"elementor elementor-7569\" data-elementor-post-type=\"page\">\n\t\t\t\t<div class=\"elementor-element elementor-element-5fc23779 e-flex e-con-boxed e-con e-parent\" data-id=\"5fc23779\" data-element_type=\"container\" data-e-type=\"container\">\n\t\t\t\t\t<div class=\"e-con-inner\">\n\t\t\t\t<div class=\"elementor-element elementor-element-cc66381 elementor-widget elementor-widget-image\" data-id=\"cc66381\" data-element_type=\"widget\" data-e-type=\"widget\" data-widget_type=\"image.default\">\n\t\t\t\t<div class=\"elementor-widget-container\">\n\t\t\t\t\t\t\t\t\t\t\t\t\t\t\t<img fetchpriority=\"high\" decoding=\"async\" width=\"768\" height=\"474\" src=\"https:\/\/seamaster.media\/wp-content\/uploads\/2025\/02\/Alexander4-creator-768x474.webp\" class=\"attachment-medium_large size-medium_large wp-image-6142\" alt=\"Alexander4 creator\" srcset=\"https:\/\/seamaster.media\/wp-content\/uploads\/2025\/02\/Alexander4-creator-768x474.webp 768w, https:\/\/seamaster.media\/wp-content\/uploads\/2025\/02\/Alexander4-creator-600x371.webp 600w, https:\/\/seamaster.media\/wp-content\/uploads\/2025\/02\/Alexander4-creator-300x185.webp 300w, https:\/\/seamaster.media\/wp-content\/uploads\/2025\/02\/Alexander4-creator.webp 800w\" sizes=\"(max-width: 768px) 100vw, 768px\" \/>\t\t\t\t\t\t\t\t\t\t\t\t\t\t\t<\/div>\n\t\t\t\t<\/div>\n\t\t\t\t<div class=\"elementor-element elementor-element-9b1fc17 elementor-widget elementor-widget-spacer\" data-id=\"9b1fc17\" data-element_type=\"widget\" data-e-type=\"widget\" data-widget_type=\"spacer.default\">\n\t\t\t\t<div class=\"elementor-widget-container\">\n\t\t\t\t\t\t\t<div class=\"elementor-spacer\">\n\t\t\t<div class=\"elementor-spacer-inner\"><\/div>\n\t\t<\/div>\n\t\t\t\t\t\t<\/div>\n\t\t\t\t<\/div>\n\t\t\t\t<div class=\"elementor-element elementor-element-60c0ba4 elementor-widget elementor-widget-text-editor\" data-id=\"60c0ba4\" data-element_type=\"widget\" data-e-type=\"widget\" data-widget_type=\"text-editor.default\">\n\t\t\t\t<div class=\"elementor-widget-container\">\n\t\t\t\t\t\t\t\t\t\n<p><strong>TV-Producer<\/strong> mit Erfahrung in der Produktion von \u00fcber 120 Werbespots mit einem Produktionsvolumen von \u00fcber 20 Mio. Euro. Verantwortlich f\u00fcr die gesamte Unilever-TV-Kampagne \u201eGreen Kitchen\u201c, traditionelle Cell-Animation sowie die Steigerung des Umsatzes im Bereich Tiefk\u00fchlkost um 3 %.<\/p>\n\n\n\n<p><strong>Produzent zahlreicher Musikvideos<\/strong>, darunter Juliettes Coverversion von \u201eThe Last Unicorn\u201c, die Platz 1 in den europ\u00e4ischen Charts erreichte, sowie weitere Projekte, die mit Gold-Auszeichnungen honoriert wurden.<\/p>\n\n\n\n<p><strong>Musikvideo-Producer<\/strong> f\u00fcr den Song und die Animation des Spiels \u201eDungeon Keeper\u201c \u2013 \u00fcber 250.000 verkaufte Game-CDs \u2013 Platin-Auszeichnung.<\/p>\n\n\n\n<p><strong>Produzent und Finanzierer<\/strong> des Dokumentarfilms \u201eIce of Chernobyl\u201c \u2013 pandemiebedingt ausschlie\u00dflich im Streaming verf\u00fcgbar \u2013 erfolgreichster deutscher Dokumentarfilm auf Amazon Prime Video.<\/p>\n\n\n\n<p><strong>F\u00fchrungsverantwortung<\/strong> f\u00fcr bis zu 25 Mitarbeiter im Tagesgesch\u00e4ft und bis zu 150 Mitarbeiter w\u00e4hrend Dreharbeiten.<\/p>\n\n\n\n<p><strong>Entwicklung<\/strong> des gesamten Navigationsdesigns f\u00fcr \u201eInteractive TV\u201c in Cambridge, UK, in Zusammenarbeit mit Acorn und Oracle.<\/p>\n\n\n\n<p><strong>Launch<\/strong> von Bank24 online (erste deutsche Online-Bank).<\/p>\n\n\n\n<p><strong>Umsetzung<\/strong> von Lufthansa City Center und Online-Ticketbuchungen (HTML-Inkasso und Anbindung an Amadeus).<\/p>\n\n\n\n<p><strong>Konzeption und Realisierung<\/strong> des ersten deutschen interaktiven TV-Programms.<\/p>\n\n\n\n<p><strong>Verschiedene Computerinstallationen<\/strong> mit SGI-Computern auf der Ars Electronica, Linz, und der Siggraph, Orlando.<\/p>\n\n\n\n<p><strong>Multimedia Berater der deutschen Bundesregierung<\/strong> bei der G7 Information Society, Br\u00fcssel<\/p>\n\n\n\n<p>Stimmberechtigtes Mitglied von <strong>ACM &amp; IEEE<\/strong>.<\/p>\n\n\n\n<p><strong>Producer<\/strong> f\u00fcr Werbespots, Animationsfilme, Games, Musikvideos und Dokumentarreihen.<\/p>\n\n\n\n<p>Umfassende Kenntnisse in <strong>HTML, JAVA, WP, FCPX, PS, Blockchain-Entwicklungen und KI<\/strong> (seit Disco Diffusion auf MIT-Computern).<\/p>\n\n\n\n<p><strong>Entwicklung<\/strong> einer kosteneffizienten KI-Produktionspipeline.<\/p>\n\t\t\t\t\t\t\t\t<\/div>\n\t\t\t\t<\/div>\n\t\t\t\t\t<\/div>\n\t\t\t\t<\/div>\n\t\t\t\t<\/div>\n\t\t","protected":false},"excerpt":{"rendered":"<p>TV-Producer mit Erfahrung in der Produktion von \u00fcber 120 Werbespots mit einem Produktionsvolumen von \u00fcber 20 Mio. [&hellip;]<\/p>\n","protected":false},"author":1,"featured_media":0,"parent":0,"menu_order":0,"comment_status":"closed","ping_status":"closed","template":"","meta":{"slim_seo":{"title":"CV - Alexander Gaefe - Seamaster Media","description":"TV-Producer mit Erfahrung in der Produktion von \u00fcber 120 Werbespots mit einem Produktionsvolumen von \u00fcber 20 Mio. Euro. Verantwortlich f\u00fcr die gesamte Unilever-"},"footnotes":""},"class_list":["post-7569","page","type-page","status-publish","hentry"],"_links":{"self":[{"href":"https:\/\/seamaster.media\/index.php\/wp-json\/wp\/v2\/pages\/7569","targetHints":{"allow":["GET"]}}],"collection":[{"href":"https:\/\/seamaster.media\/index.php\/wp-json\/wp\/v2\/pages"}],"about":[{"href":"https:\/\/seamaster.media\/index.php\/wp-json\/wp\/v2\/types\/page"}],"author":[{"embeddable":true,"href":"https:\/\/seamaster.media\/index.php\/wp-json\/wp\/v2\/users\/1"}],"replies":[{"embeddable":true,"href":"https:\/\/seamaster.media\/index.php\/wp-json\/wp\/v2\/comments?post=7569"}],"version-history":[{"count":0,"href":"https:\/\/seamaster.media\/index.php\/wp-json\/wp\/v2\/pages\/7569\/revisions"}],"wp:attachment":[{"href":"https:\/\/seamaster.media\/index.php\/wp-json\/wp\/v2\/media?parent=7569"}],"curies":[{"name":"wp","href":"https:\/\/api.w.org\/{rel}","templated":true}]}}