{"id":7275,"date":"2025-07-08T20:43:55","date_gmt":"2025-07-08T18:43:55","guid":{"rendered":"https:\/\/seamaster.media\/?page_id=7275"},"modified":"2025-07-29T11:57:35","modified_gmt":"2025-07-29T09:57:35","slug":"ihr-virtueller-markenbotschafter-mit-ki-intelligenz","status":"publish","type":"page","link":"https:\/\/seamaster.media\/index.php\/ihr-virtueller-markenbotschafter-mit-ki-intelligenz\/","title":{"rendered":"Ihr virtueller Markenbotschafter mit KI-Intelligenz"},"content":{"rendered":"\t\t<div data-elementor-type=\"wp-page\" data-elementor-id=\"7275\" class=\"elementor elementor-7275\" data-elementor-post-type=\"page\">\n\t\t\t\t\t\t<section class=\"elementor-section elementor-top-section elementor-element elementor-element-015ae6f elementor-section-full_width elementor-section-height-default elementor-section-height-default edgtf-parallax-row-no edgtf-content-aligment-left edgtf-elementor-row-grid-no edgtf-disabled-bg-image-bellow-no\" data-id=\"015ae6f\" data-element_type=\"section\" data-e-type=\"section\">\n\t\t\t\t\t\t<div class=\"elementor-container elementor-column-gap-default\">\n\t\t\t\t\t<div class=\"elementor-column elementor-col-100 elementor-top-column elementor-element elementor-element-d3b8ea8\" data-id=\"d3b8ea8\" data-element_type=\"column\" data-e-type=\"column\">\n\t\t\t<div class=\"elementor-widget-wrap elementor-element-populated\">\n\t\t\t\t\t\t<div class=\"elementor-element elementor-element-4c7661c elementor-widget elementor-widget-heading\" data-id=\"4c7661c\" data-element_type=\"widget\" data-e-type=\"widget\" data-widget_type=\"heading.default\">\n\t\t\t\t<div class=\"elementor-widget-container\">\n\t\t\t\t\t<h2 class=\"elementor-heading-title elementor-size-default\">Ihr virtueller Markenbotschafter: Intelligente Kundenansprache von morgen\n<\/h2>\t\t\t\t<\/div>\n\t\t\t\t<\/div>\n\t\t\t\t<div class=\"elementor-element elementor-element-e928d7c elementor-widget elementor-widget-spacer\" data-id=\"e928d7c\" data-element_type=\"widget\" data-e-type=\"widget\" data-widget_type=\"spacer.default\">\n\t\t\t\t<div class=\"elementor-widget-container\">\n\t\t\t\t\t\t\t<div class=\"elementor-spacer\">\n\t\t\t<div class=\"elementor-spacer-inner\"><\/div>\n\t\t<\/div>\n\t\t\t\t\t\t<\/div>\n\t\t\t\t<\/div>\n\t\t\t\t<div class=\"elementor-element elementor-element-b1b6038 elementor-widget elementor-widget-spacer\" data-id=\"b1b6038\" data-element_type=\"widget\" data-e-type=\"widget\" data-widget_type=\"spacer.default\">\n\t\t\t\t<div class=\"elementor-widget-container\">\n\t\t\t\t\t\t\t<div class=\"elementor-spacer\">\n\t\t\t<div class=\"elementor-spacer-inner\"><\/div>\n\t\t<\/div>\n\t\t\t\t\t\t<\/div>\n\t\t\t\t<\/div>\n\t\t\t\t<div class=\"elementor-element elementor-element-6af94a0 elementor-widget elementor-widget-gallery\" data-id=\"6af94a0\" data-element_type=\"widget\" data-e-type=\"widget\" data-settings=\"{&quot;aspect_ratio&quot;:&quot;1:1&quot;,&quot;lazyload&quot;:&quot;yes&quot;,&quot;gallery_layout&quot;:&quot;grid&quot;,&quot;columns&quot;:4,&quot;columns_tablet&quot;:2,&quot;columns_mobile&quot;:1,&quot;gap&quot;:{&quot;unit&quot;:&quot;px&quot;,&quot;size&quot;:10,&quot;sizes&quot;:[]},&quot;gap_tablet&quot;:{&quot;unit&quot;:&quot;px&quot;,&quot;size&quot;:10,&quot;sizes&quot;:[]},&quot;gap_mobile&quot;:{&quot;unit&quot;:&quot;px&quot;,&quot;size&quot;:10,&quot;sizes&quot;:[]},&quot;link_to&quot;:&quot;file&quot;,&quot;overlay_background&quot;:&quot;yes&quot;,&quot;content_hover_animation&quot;:&quot;fade-in&quot;}\" data-widget_type=\"gallery.default\">\n\t\t\t\t<div class=\"elementor-widget-container\">\n\t\t\t\t\t\t\t<div class=\"elementor-gallery__container\">\n\t\t\t\t\t\t\t<a class=\"e-gallery-item elementor-gallery-item elementor-animated-content\" href=\"https:\/\/seamaster.media\/wp-content\/uploads\/2025\/06\/AI-A04.jpg\" data-elementor-open-lightbox=\"yes\" data-elementor-lightbox-slideshow=\"6af94a0\" data-elementor-lightbox-title=\"AI-A04\" data-e-action-hash=\"#elementor-action%3Aaction%3Dlightbox%26settings%3DeyJpZCI6NzE1NiwidXJsIjoiaHR0cHM6XC9cL3NlYW1hc3Rlci5tZWRpYVwvd3AtY29udGVudFwvdXBsb2Fkc1wvMjAyNVwvMDZcL0FJLUEwNC5qcGciLCJzbGlkZXNob3ciOiI2YWY5NGEwIn0%3D\">\n\t\t\t\t\t<div class=\"e-gallery-image elementor-gallery-item__image\" data-thumbnail=\"https:\/\/seamaster.media\/wp-content\/uploads\/2025\/06\/AI-A04.jpg\" data-width=\"\" data-height=\"\" aria-label=\"\" role=\"img\" ><\/div>\n\t\t\t\t\t\t\t\t\t\t\t<div class=\"elementor-gallery-item__overlay\"><\/div>\n\t\t\t\t\t\t\t\t\t\t\t\t\t\t<\/a>\n\t\t\t\t\t\t\t<a class=\"e-gallery-item elementor-gallery-item elementor-animated-content\" href=\"https:\/\/seamaster.media\/wp-content\/uploads\/2025\/06\/AI-A09.jpg\" data-elementor-open-lightbox=\"yes\" data-elementor-lightbox-slideshow=\"6af94a0\" data-elementor-lightbox-title=\"AI-A09\" data-e-action-hash=\"#elementor-action%3Aaction%3Dlightbox%26settings%3DeyJpZCI6NzIxNiwidXJsIjoiaHR0cHM6XC9cL3NlYW1hc3Rlci5tZWRpYVwvd3AtY29udGVudFwvdXBsb2Fkc1wvMjAyNVwvMDZcL0FJLUEwOS5qcGciLCJzbGlkZXNob3ciOiI2YWY5NGEwIn0%3D\">\n\t\t\t\t\t<div class=\"e-gallery-image elementor-gallery-item__image\" data-thumbnail=\"https:\/\/seamaster.media\/wp-content\/uploads\/2025\/06\/AI-A09.jpg\" data-width=\"\" data-height=\"\" aria-label=\"\" role=\"img\" ><\/div>\n\t\t\t\t\t\t\t\t\t\t\t<div class=\"elementor-gallery-item__overlay\"><\/div>\n\t\t\t\t\t\t\t\t\t\t\t\t\t\t<\/a>\n\t\t\t\t\t\t\t<a class=\"e-gallery-item elementor-gallery-item elementor-animated-content\" href=\"https:\/\/seamaster.media\/wp-content\/uploads\/2025\/06\/AI-A08.jpg\" data-elementor-open-lightbox=\"yes\" data-elementor-lightbox-slideshow=\"6af94a0\" data-elementor-lightbox-title=\"AI-A08\" data-e-action-hash=\"#elementor-action%3Aaction%3Dlightbox%26settings%3DeyJpZCI6NzE2MSwidXJsIjoiaHR0cHM6XC9cL3NlYW1hc3Rlci5tZWRpYVwvd3AtY29udGVudFwvdXBsb2Fkc1wvMjAyNVwvMDZcL0FJLUEwOC5qcGciLCJzbGlkZXNob3ciOiI2YWY5NGEwIn0%3D\">\n\t\t\t\t\t<div class=\"e-gallery-image elementor-gallery-item__image\" data-thumbnail=\"https:\/\/seamaster.media\/wp-content\/uploads\/2025\/06\/AI-A08.jpg\" data-width=\"\" data-height=\"\" aria-label=\"\" role=\"img\" ><\/div>\n\t\t\t\t\t\t\t\t\t\t\t<div class=\"elementor-gallery-item__overlay\"><\/div>\n\t\t\t\t\t\t\t\t\t\t\t\t\t\t<\/a>\n\t\t\t\t\t\t\t<a class=\"e-gallery-item elementor-gallery-item elementor-animated-content\" href=\"https:\/\/seamaster.media\/wp-content\/uploads\/2025\/06\/AI-A02.jpg\" data-elementor-open-lightbox=\"yes\" data-elementor-lightbox-slideshow=\"6af94a0\" data-elementor-lightbox-title=\"AI-A02\" data-e-action-hash=\"#elementor-action%3Aaction%3Dlightbox%26settings%3DeyJpZCI6NzE1NSwidXJsIjoiaHR0cHM6XC9cL3NlYW1hc3Rlci5tZWRpYVwvd3AtY29udGVudFwvdXBsb2Fkc1wvMjAyNVwvMDZcL0FJLUEwMi5qcGciLCJzbGlkZXNob3ciOiI2YWY5NGEwIn0%3D\">\n\t\t\t\t\t<div class=\"e-gallery-image elementor-gallery-item__image\" data-thumbnail=\"https:\/\/seamaster.media\/wp-content\/uploads\/2025\/06\/AI-A02.jpg\" data-width=\"\" data-height=\"\" aria-label=\"\" role=\"img\" ><\/div>\n\t\t\t\t\t\t\t\t\t\t\t<div class=\"elementor-gallery-item__overlay\"><\/div>\n\t\t\t\t\t\t\t\t\t\t\t\t\t\t<\/a>\n\t\t\t\t\t<\/div>\n\t\t\t\t\t<\/div>\n\t\t\t\t<\/div>\n\t\t\t\t<div class=\"elementor-element elementor-element-6ca8b0f elementor-widget elementor-widget-spacer\" data-id=\"6ca8b0f\" data-element_type=\"widget\" data-e-type=\"widget\" data-widget_type=\"spacer.default\">\n\t\t\t\t<div class=\"elementor-widget-container\">\n\t\t\t\t\t\t\t<div class=\"elementor-spacer\">\n\t\t\t<div class=\"elementor-spacer-inner\"><\/div>\n\t\t<\/div>\n\t\t\t\t\t\t<\/div>\n\t\t\t\t<\/div>\n\t\t\t\t<div class=\"elementor-element elementor-element-e94130a elementor-widget elementor-widget-text-editor\" data-id=\"e94130a\" data-element_type=\"widget\" data-e-type=\"widget\" data-widget_type=\"text-editor.default\">\n\t\t\t\t<div class=\"elementor-widget-container\">\n\t\t\t\t\t\t\t\t\t<h3 class=\"ds-markdown-paragraph\">Im heutigen schnelllebigen Digitalzeitalter erwarten Kunden authentische, fesselnde und personalisierte Erlebnisse.<\/h3><p class=\"ds-markdown-paragraph\"><strong>Genau hier setzen wir an.<\/strong> Wir verbinden modernste KI-Technologie \u2013 von Chat-Systemen bis hin zu Marketing-Agents \u2013 mit Ihrer Markenidentit\u00e4t, um dynamische digitale Botschafter zu schaffen. Diese intelligenten, stets verf\u00fcgbaren Pers\u00f6nlichkeiten begeistern Ihre Zielgruppe, steigern Ums\u00e4tze und st\u00e4rken die Kundenbindung. Ob als <strong>virtueller Barista-Bot f\u00fcr Kaffeeverkostungen<\/strong>, als <strong>stilbewusster KI-Fashionberater<\/strong> oder als <strong>witziger Social-Media-Maskottchen-Chat<\/strong>:<\/p><p class=\"ds-markdown-paragraph\">Wir entwickeln <strong>KI-gest\u00fctzte Interaktionen<\/strong>, die<br \/><strong>menschlich wirken<\/strong><br \/><strong>markentreu bleiben<\/strong><br \/><strong>messbare Ergebnisse liefern<\/strong><\/p><p>\u00a0<\/p><hr \/><h3>Unsere Leistungen<\/h3><p class=\"ds-markdown-paragraph\"><strong>Markenpersonifizierung<\/strong><br \/>Eine KI, die Ihren Markenton trifft (spielerisch, professionell, provokant etc.) und jeden Dialog konsistent gestaltet.<\/p><p class=\"ds-markdown-paragraph\"><strong>24\/7-Kundenbindung<\/strong><br \/>Immer verf\u00fcgbar \u2013 f\u00fcr Support, Storytelling oder gef\u00fchrte Erlebnisse.<\/p><p class=\"ds-markdown-paragraph\"><strong>Interaktives Storytelling<\/strong><br \/>Agieren als Markenerz\u00e4hler: informieren, f\u00fchren durch Customer Journeys oder bereichern Kampagnen.<\/p><p class=\"ds-markdown-paragraph\"><strong>Kampagnengesicht<\/strong><br \/>Werden zum \u201eMarkenbotschafter\u201c f\u00fcr Produktlaunches, Aktionen oder Erlebnismarketing (z. B. virtuelle Verkostungen, Gamification).<\/p><p class=\"ds-markdown-paragraph\"><strong>Data-driven Personalisierung<\/strong><br \/>Lernen aus Interaktionen, um Botschaften und Empfehlungen stetig zu optimieren.<\/p><hr \/><h3>Anwendungsbeispiele &amp; Wirkung<\/h3><p class=\"ds-markdown-paragraph\"><strong>\u201eBarista-Bot\u201c f\u00fcr Kaffeemarken<\/strong><br \/>\u2192 Hostet virtuelle Tastings, empfiehlt Kreationen, steigert Online-Ums\u00e4tze<\/p><p class=\"ds-markdown-paragraph\"><strong>KI-Stylist f\u00fcr Fashionmarken<\/strong><br \/>\u2192 Kuratiert Outfits basierend auf Kundenpr\u00e4ferenzen \u2013 steigert Conversion-Raten<\/p><p class=\"ds-markdown-paragraph\"><strong>Rebellischer KI-Markenmaskottchen-Chat<\/strong><br \/>\u2192 Punktet mit markentypischem Humor in Social Media<\/p><hr \/><h3>Ihre Vorteile<\/h3><p class=\"ds-markdown-paragraph\"><strong>Skalierbares Engagement<\/strong> \u2013 Zielgruppenansprache ohne Personallimits<br \/><strong>Konsistente Markenstimme<\/strong> \u2013 Kein Risiko von Tonfall-Br\u00fcchen<br \/><strong>Erlebnismarketing<\/strong> \u2013 Einpr\u00e4gsame, interaktive Kampagnen<br \/><strong>Umsatz- &amp; Loyalit\u00e4tssteigerung<\/strong> \u2013 Durch personalisierte Interaktionen<\/p><p>\u00a0<\/p><p>\u00a0<\/p><p><em>&#8222;Als Innovationsf\u00fchrer verbinden wir seit Jahren wegweisende <strong>KI-gesteuerte Filmproduktion<\/strong> mit revolution\u00e4rer <strong>Blockchain-Finanzierung<\/strong>. Unsere Expertise macht uns zum Top-Partner f\u00fcr hybride Projekte an der Schnittstelle von Kreativwirtschaft und Digital Finance.\u201c<\/em><\/p>\t\t\t\t\t\t\t\t<\/div>\n\t\t\t\t<\/div>\n\t\t\t\t<div class=\"elementor-element elementor-element-88d71ce elementor-widget elementor-widget-spacer\" data-id=\"88d71ce\" data-element_type=\"widget\" data-e-type=\"widget\" data-widget_type=\"spacer.default\">\n\t\t\t\t<div class=\"elementor-widget-container\">\n\t\t\t\t\t\t\t<div class=\"elementor-spacer\">\n\t\t\t<div class=\"elementor-spacer-inner\"><\/div>\n\t\t<\/div>\n\t\t\t\t\t\t<\/div>\n\t\t\t\t<\/div>\n\t\t\t\t<div class=\"elementor-element elementor-element-2aafa48 elementor-widget elementor-widget-heading\" data-id=\"2aafa48\" data-element_type=\"widget\" data-e-type=\"widget\" data-widget_type=\"heading.default\">\n\t\t\t\t<div class=\"elementor-widget-container\">\n\t\t\t\t\t<h2 class=\"elementor-heading-title elementor-size-default\">Vertiefende Details f\u00fcr Ihr Business<\/h2>\t\t\t\t<\/div>\n\t\t\t\t<\/div>\n\t\t\t\t<div class=\"elementor-element elementor-element-826ee7c elementor-align-center elementor-widget elementor-widget-button\" data-id=\"826ee7c\" data-element_type=\"widget\" data-e-type=\"widget\" data-widget_type=\"button.default\">\n\t\t\t\t<div class=\"elementor-widget-container\">\n\t\t\t\t\t\t\t\t\t<div class=\"elementor-button-wrapper\">\n\t\t\t\t\t<a class=\"elementor-button elementor-button-link elementor-size-sm\" href=\"https:\/\/seamaster.media\/index.php\/contact-us\/\">\n\t\t\t\t\t\t<span class=\"elementor-button-content-wrapper\">\n\t\t\t\t\t\t\t\t\t<span class=\"elementor-button-text\">Kontaktieren Sie uns<\/span>\n\t\t\t\t\t<\/span>\n\t\t\t\t\t<\/a>\n\t\t\t\t<\/div>\n\t\t\t\t\t\t\t\t<\/div>\n\t\t\t\t<\/div>\n\t\t\t\t<div class=\"elementor-element elementor-element-dd08e39 elementor-widget elementor-widget-spacer\" data-id=\"dd08e39\" data-element_type=\"widget\" data-e-type=\"widget\" data-widget_type=\"spacer.default\">\n\t\t\t\t<div class=\"elementor-widget-container\">\n\t\t\t\t\t\t\t<div class=\"elementor-spacer\">\n\t\t\t<div class=\"elementor-spacer-inner\"><\/div>\n\t\t<\/div>\n\t\t\t\t\t\t<\/div>\n\t\t\t\t<\/div>\n\t\t\t\t<div class=\"elementor-element elementor-element-c578bc4 elementor-widget elementor-widget-gallery\" data-id=\"c578bc4\" data-element_type=\"widget\" data-e-type=\"widget\" data-settings=\"{&quot;aspect_ratio&quot;:&quot;1:1&quot;,&quot;lazyload&quot;:&quot;yes&quot;,&quot;gallery_layout&quot;:&quot;grid&quot;,&quot;columns&quot;:4,&quot;columns_tablet&quot;:2,&quot;columns_mobile&quot;:1,&quot;gap&quot;:{&quot;unit&quot;:&quot;px&quot;,&quot;size&quot;:10,&quot;sizes&quot;:[]},&quot;gap_tablet&quot;:{&quot;unit&quot;:&quot;px&quot;,&quot;size&quot;:10,&quot;sizes&quot;:[]},&quot;gap_mobile&quot;:{&quot;unit&quot;:&quot;px&quot;,&quot;size&quot;:10,&quot;sizes&quot;:[]},&quot;link_to&quot;:&quot;file&quot;,&quot;overlay_background&quot;:&quot;yes&quot;,&quot;content_hover_animation&quot;:&quot;fade-in&quot;}\" data-widget_type=\"gallery.default\">\n\t\t\t\t<div class=\"elementor-widget-container\">\n\t\t\t\t\t\t\t<div class=\"elementor-gallery__container\">\n\t\t\t\t\t\t\t<a class=\"e-gallery-item elementor-gallery-item elementor-animated-content\" href=\"https:\/\/seamaster.media\/wp-content\/uploads\/2025\/06\/AI-A07.jpg\" data-elementor-open-lightbox=\"yes\" data-elementor-lightbox-slideshow=\"c578bc4\" data-elementor-lightbox-title=\"AI-A07\" data-e-action-hash=\"#elementor-action%3Aaction%3Dlightbox%26settings%3DeyJpZCI6NzE1NywidXJsIjoiaHR0cHM6XC9cL3NlYW1hc3Rlci5tZWRpYVwvd3AtY29udGVudFwvdXBsb2Fkc1wvMjAyNVwvMDZcL0FJLUEwNy5qcGciLCJzbGlkZXNob3ciOiJjNTc4YmM0In0%3D\">\n\t\t\t\t\t<div class=\"e-gallery-image elementor-gallery-item__image\" data-thumbnail=\"https:\/\/seamaster.media\/wp-content\/uploads\/2025\/06\/AI-A07.jpg\" data-width=\"\" data-height=\"\" aria-label=\"\" role=\"img\" ><\/div>\n\t\t\t\t\t\t\t\t\t\t\t<div class=\"elementor-gallery-item__overlay\"><\/div>\n\t\t\t\t\t\t\t\t\t\t\t\t\t\t<\/a>\n\t\t\t\t\t\t\t<a class=\"e-gallery-item elementor-gallery-item elementor-animated-content\" href=\"https:\/\/seamaster.media\/wp-content\/uploads\/2025\/06\/AI-A03.jpg\" data-elementor-open-lightbox=\"yes\" data-elementor-lightbox-slideshow=\"c578bc4\" data-elementor-lightbox-title=\"AI-A03\" data-e-action-hash=\"#elementor-action%3Aaction%3Dlightbox%26settings%3DeyJpZCI6NzE1OCwidXJsIjoiaHR0cHM6XC9cL3NlYW1hc3Rlci5tZWRpYVwvd3AtY29udGVudFwvdXBsb2Fkc1wvMjAyNVwvMDZcL0FJLUEwMy5qcGciLCJzbGlkZXNob3ciOiJjNTc4YmM0In0%3D\">\n\t\t\t\t\t<div class=\"e-gallery-image elementor-gallery-item__image\" data-thumbnail=\"https:\/\/seamaster.media\/wp-content\/uploads\/2025\/06\/AI-A03.jpg\" data-width=\"\" data-height=\"\" aria-label=\"\" role=\"img\" ><\/div>\n\t\t\t\t\t\t\t\t\t\t\t<div class=\"elementor-gallery-item__overlay\"><\/div>\n\t\t\t\t\t\t\t\t\t\t\t\t\t\t<\/a>\n\t\t\t\t\t\t\t<a class=\"e-gallery-item elementor-gallery-item elementor-animated-content\" href=\"https:\/\/seamaster.media\/wp-content\/uploads\/2025\/06\/AI-A06.jpg\" data-elementor-open-lightbox=\"yes\" data-elementor-lightbox-slideshow=\"c578bc4\" data-elementor-lightbox-title=\"AI-A06\" data-e-action-hash=\"#elementor-action%3Aaction%3Dlightbox%26settings%3DeyJpZCI6NzE2MCwidXJsIjoiaHR0cHM6XC9cL3NlYW1hc3Rlci5tZWRpYVwvd3AtY29udGVudFwvdXBsb2Fkc1wvMjAyNVwvMDZcL0FJLUEwNi5qcGciLCJzbGlkZXNob3ciOiJjNTc4YmM0In0%3D\">\n\t\t\t\t\t<div class=\"e-gallery-image elementor-gallery-item__image\" data-thumbnail=\"https:\/\/seamaster.media\/wp-content\/uploads\/2025\/06\/AI-A06.jpg\" data-width=\"\" data-height=\"\" aria-label=\"\" role=\"img\" ><\/div>\n\t\t\t\t\t\t\t\t\t\t\t<div class=\"elementor-gallery-item__overlay\"><\/div>\n\t\t\t\t\t\t\t\t\t\t\t\t\t\t<\/a>\n\t\t\t\t\t\t\t<a class=\"e-gallery-item elementor-gallery-item elementor-animated-content\" href=\"https:\/\/seamaster.media\/wp-content\/uploads\/2025\/06\/AI-A05.jpg\" data-elementor-open-lightbox=\"yes\" data-elementor-lightbox-slideshow=\"c578bc4\" data-elementor-lightbox-title=\"AI-A05\" data-e-action-hash=\"#elementor-action%3Aaction%3Dlightbox%26settings%3DeyJpZCI6NzE1OSwidXJsIjoiaHR0cHM6XC9cL3NlYW1hc3Rlci5tZWRpYVwvd3AtY29udGVudFwvdXBsb2Fkc1wvMjAyNVwvMDZcL0FJLUEwNS5qcGciLCJzbGlkZXNob3ciOiJjNTc4YmM0In0%3D\">\n\t\t\t\t\t<div class=\"e-gallery-image elementor-gallery-item__image\" data-thumbnail=\"https:\/\/seamaster.media\/wp-content\/uploads\/2025\/06\/AI-A05.jpg\" data-width=\"\" data-height=\"\" aria-label=\"\" role=\"img\" ><\/div>\n\t\t\t\t\t\t\t\t\t\t\t<div class=\"elementor-gallery-item__overlay\"><\/div>\n\t\t\t\t\t\t\t\t\t\t\t\t\t\t<\/a>\n\t\t\t\t\t<\/div>\n\t\t\t\t\t<\/div>\n\t\t\t\t<\/div>\n\t\t\t\t<div class=\"elementor-element elementor-element-3b516c1 elementor-widget elementor-widget-spacer\" data-id=\"3b516c1\" data-element_type=\"widget\" data-e-type=\"widget\" data-widget_type=\"spacer.default\">\n\t\t\t\t<div class=\"elementor-widget-container\">\n\t\t\t\t\t\t\t<div class=\"elementor-spacer\">\n\t\t\t<div class=\"elementor-spacer-inner\"><\/div>\n\t\t<\/div>\n\t\t\t\t\t\t<\/div>\n\t\t\t\t<\/div>\n\t\t\t\t\t<\/div>\n\t\t<\/div>\n\t\t\t\t\t<\/div>\n\t\t<\/section>\n\t\t\t\t<\/div>\n\t\t","protected":false},"excerpt":{"rendered":"<p>Ihr virtueller Markenbotschafter: Intelligente Kundenansprache von morgen Im heutigen schnelllebigen Digitalzeitalter erwarten Kunden authentische, fesselnde und personalisierte [&hellip;]<\/p>\n","protected":false},"author":1,"featured_media":6933,"parent":0,"menu_order":0,"comment_status":"closed","ping_status":"closed","template":"full-width.php","meta":{"slim_seo":{"title":"Ihr virtueller Markenbotschafter mit KI-Intelligenz - Seamaster Media","description":"Ihr virtueller Markenbotschafter: Intelligente Kundenansprache von morgen Im heutigen schnelllebigen Digitalzeitalter erwarten Kunden authentische, fesselnde un"},"footnotes":""},"class_list":["post-7275","page","type-page","status-publish","has-post-thumbnail","hentry"],"_links":{"self":[{"href":"https:\/\/seamaster.media\/index.php\/wp-json\/wp\/v2\/pages\/7275","targetHints":{"allow":["GET"]}}],"collection":[{"href":"https:\/\/seamaster.media\/index.php\/wp-json\/wp\/v2\/pages"}],"about":[{"href":"https:\/\/seamaster.media\/index.php\/wp-json\/wp\/v2\/types\/page"}],"author":[{"embeddable":true,"href":"https:\/\/seamaster.media\/index.php\/wp-json\/wp\/v2\/users\/1"}],"replies":[{"embeddable":true,"href":"https:\/\/seamaster.media\/index.php\/wp-json\/wp\/v2\/comments?post=7275"}],"version-history":[{"count":0,"href":"https:\/\/seamaster.media\/index.php\/wp-json\/wp\/v2\/pages\/7275\/revisions"}],"wp:featuredmedia":[{"embeddable":true,"href":"https:\/\/seamaster.media\/index.php\/wp-json\/wp\/v2\/media\/6933"}],"wp:attachment":[{"href":"https:\/\/seamaster.media\/index.php\/wp-json\/wp\/v2\/media?parent=7275"}],"curies":[{"name":"wp","href":"https:\/\/api.w.org\/{rel}","templated":true}]}}