{"id":7263,"date":"2025-07-08T20:10:39","date_gmt":"2025-07-08T18:10:39","guid":{"rendered":"https:\/\/seamaster.media\/?page_id=7263"},"modified":"2025-12-22T18:49:37","modified_gmt":"2025-12-22T17:49:37","slug":"ki-gestuetzte-markenzukunft-innovativ-einzigartig-wegweisend","status":"publish","type":"page","link":"https:\/\/seamaster.media\/index.php\/ki-gestuetzte-markenzukunft-innovativ-einzigartig-wegweisend\/","title":{"rendered":"KI-gest\u00fctzte Markenzukunft: innovativ, einzigartig, wegweisend"},"content":{"rendered":"\t\t<div data-elementor-type=\"wp-page\" data-elementor-id=\"7263\" class=\"elementor elementor-7263\" data-elementor-post-type=\"page\">\n\t\t\t\t\t\t<section class=\"elementor-section elementor-top-section elementor-element elementor-element-e9d1527 elementor-section-full_width elementor-section-height-default elementor-section-height-default edgtf-parallax-row-no edgtf-content-aligment-left edgtf-elementor-row-grid-no edgtf-disabled-bg-image-bellow-no\" data-id=\"e9d1527\" data-element_type=\"section\" data-e-type=\"section\">\n\t\t\t\t\t\t<div class=\"elementor-container elementor-column-gap-default\">\n\t\t\t\t\t<div class=\"elementor-column elementor-col-100 elementor-top-column elementor-element elementor-element-87096d5\" data-id=\"87096d5\" data-element_type=\"column\" data-e-type=\"column\">\n\t\t\t<div class=\"elementor-widget-wrap elementor-element-populated\">\n\t\t\t\t\t\t<div class=\"elementor-element elementor-element-f45bd31 elementor-widget elementor-widget-edgtf_interactive_image_with_text\" data-id=\"f45bd31\" data-element_type=\"widget\" data-e-type=\"widget\" data-widget_type=\"edgtf_interactive_image_with_text.default\">\n\t\t\t\t<div class=\"elementor-widget-container\">\n\t\t\t\t\t<div class=\"edgtf-interactive-image-with-text-holder  edgtf-iiwt-has-prefix edgtf-iiwt-prefix-left \">\n\t\t\t<div class=\"edgtf-iiwt-prefix-holder\">\n\t\t\t<div class=\"edgtf-iiwt-prefix-inner\" >\n\t\t\t\t<svg class=\"edgtf-iiwt-prefix-text\"><text>01<\/text><\/svg>\n\t\t\t<\/div>\n\t\t<\/div>\n\t\t<div class=\"edgtf-iiwt-inner\">\n\t\t<div class=\"edgtf-iiwt-image\">\n\t\t\t\t\t\t\t<a itemprop=\"url\" href=\"https:\/\/seamaster.media\/index.php\/ki-kreierte-sound-identitaeten-fuer-marken\/\" target=\"_self\">\n\t\t\t\t\t\t\t\t\t\t\t\t<img fetchpriority=\"high\" decoding=\"async\" width=\"2048\" height=\"775\" src=\"https:\/\/seamaster.media\/wp-content\/uploads\/2025\/06\/Cover-Rust-redefine3.jpg\" class=\"attachment-full size-full\" alt=\"Cover Rust redefine3\" srcset=\"https:\/\/seamaster.media\/wp-content\/uploads\/2025\/06\/Cover-Rust-redefine3.jpg 2048w, https:\/\/seamaster.media\/wp-content\/uploads\/2025\/06\/Cover-Rust-redefine3-600x227.jpg 600w, https:\/\/seamaster.media\/wp-content\/uploads\/2025\/06\/Cover-Rust-redefine3-300x114.jpg 300w, https:\/\/seamaster.media\/wp-content\/uploads\/2025\/06\/Cover-Rust-redefine3-1024x388.jpg 1024w, https:\/\/seamaster.media\/wp-content\/uploads\/2025\/06\/Cover-Rust-redefine3-768x291.jpg 768w, https:\/\/seamaster.media\/wp-content\/uploads\/2025\/06\/Cover-Rust-redefine3-1536x581.jpg 1536w\" sizes=\"(max-width: 2048px) 100vw, 2048px\" \/>\t\t\t\t\t\t\t\t\t\t\t<\/a>\n\t\t\t\t\t<\/div>\n\t\t<div class=\"edgtf-iiwt-content\">\n\t\t\t\t\t\t\t<h4 class=\"edgtf-iiwt-title\" style=\"margin-top: -10px\">Klangbranding der n\u00e4chsten Generation: KI-optimiert<\/h4>\n\t\t\t\t\t\t\t\t\t\t<p class=\"edgtf-iiwt-text\" style=\"color: #000000;margin-top: 14px\">Ein individuell komponierter KI-Klangteppich f\u00fcr Ihr Flagship-Store oder Marketing-Highlight<\/p>\n\t\t\t\t\t\t\t\t\t\t<div class=\"edgtf-iiwt-button\" >\n\t\t\t\t\t<a itemprop=\"url\" href=\"https:\/\/seamaster.media\/index.php\/ki-kreierte-sound-identitaeten-fuer-marken\/\" target=\"_self\"  class=\"edgtf-btn edgtf-btn-small edgtf-btn-outline edgtf-btn- edgtf-hover-animation\"  >    <span class=\"edgtf-btn-text\">Mehr Infos<\/span>    <\/a>\t\t\t\t<\/div>\n\t\t\t\t\t<\/div>\n\t<\/div>\n<\/div>\t\t\t\t<\/div>\n\t\t\t\t<\/div>\n\t\t\t\t\t<\/div>\n\t\t<\/div>\n\t\t\t\t\t<\/div>\n\t\t<\/section>\n\t\t\t\t<section class=\"elementor-section elementor-top-section elementor-element elementor-element-1185f08 elementor-section-full_width elementor-section-height-default elementor-section-height-default edgtf-parallax-row-no edgtf-content-aligment-left edgtf-elementor-row-grid-no edgtf-disabled-bg-image-bellow-no\" data-id=\"1185f08\" data-element_type=\"section\" data-e-type=\"section\">\n\t\t\t\t\t\t<div class=\"elementor-container elementor-column-gap-default\">\n\t\t\t\t\t<div class=\"elementor-column elementor-col-100 elementor-top-column elementor-element elementor-element-2b9329f\" data-id=\"2b9329f\" data-element_type=\"column\" data-e-type=\"column\">\n\t\t\t<div class=\"elementor-widget-wrap elementor-element-populated\">\n\t\t\t\t\t\t<div class=\"elementor-element elementor-element-738a669 elementor-widget elementor-widget-edgtf_interactive_image_with_text\" data-id=\"738a669\" data-element_type=\"widget\" data-e-type=\"widget\" data-widget_type=\"edgtf_interactive_image_with_text.default\">\n\t\t\t\t<div class=\"elementor-widget-container\">\n\t\t\t\t\t<div class=\"edgtf-interactive-image-with-text-holder  edgtf-iiwt-has-prefix edgtf-iiwt-prefix-right edgtf-iiwt-small-space \">\n\t\t\t<div class=\"edgtf-iiwt-prefix-holder\">\n\t\t\t<div class=\"edgtf-iiwt-prefix-inner\" >\n\t\t\t\t<svg class=\"edgtf-iiwt-prefix-text\"><text>02<\/text><\/svg>\n\t\t\t<\/div>\n\t\t<\/div>\n\t\t<div class=\"edgtf-iiwt-inner\">\n\t\t<div class=\"edgtf-iiwt-image\">\n\t\t\t\t\t\t\t<a itemprop=\"url\" href=\"https:\/\/seamaster.media\/index.php\/ganzheitliche-markenintegration-4-0\/\" target=\"_self\">\n\t\t\t\t\t\t\t\t\t\t\t\t<img decoding=\"async\" width=\"1456\" height=\"551\" src=\"https:\/\/seamaster.media\/wp-content\/uploads\/2025\/06\/Script_BG.jpg\" class=\"attachment-full size-full\" alt=\"Script BG\" srcset=\"https:\/\/seamaster.media\/wp-content\/uploads\/2025\/06\/Script_BG.jpg 1456w, https:\/\/seamaster.media\/wp-content\/uploads\/2025\/06\/Script_BG-600x227.jpg 600w, https:\/\/seamaster.media\/wp-content\/uploads\/2025\/06\/Script_BG-300x114.jpg 300w, https:\/\/seamaster.media\/wp-content\/uploads\/2025\/06\/Script_BG-1024x388.jpg 1024w, https:\/\/seamaster.media\/wp-content\/uploads\/2025\/06\/Script_BG-768x291.jpg 768w\" sizes=\"(max-width: 1456px) 100vw, 1456px\" \/>\t\t\t\t\t\t\t\t\t\t\t<\/a>\n\t\t\t\t\t<\/div>\n\t\t<div class=\"edgtf-iiwt-content\">\n\t\t\t\t\t\t\t<h4 class=\"edgtf-iiwt-title\" style=\"margin-top: -10px\">Filme &amp; Werbespots mit KI-Power: Ihre Botschaft, unverwechselbar inszeniert<\/h4>\n\t\t\t\t\t\t\t\t\t\t<p class=\"edgtf-iiwt-text\" style=\"color: #000000\">Cineastische Markenfilme der n\u00e4chsten Generation: ma\u00dfgeschneiderte Erz\u00e4hlwelten durch adaptive KI<\/p>\n\t\t\t\t\t\t\t\t\t\t<div class=\"edgtf-iiwt-button\" >\n\t\t\t\t\t<a itemprop=\"url\" href=\"https:\/\/seamaster.media\/index.php\/ganzheitliche-markenintegration-4-0\/\" target=\"_self\"  class=\"edgtf-btn edgtf-btn-small edgtf-btn-outline edgtf-btn- edgtf-hover-animation\"  >    <span class=\"edgtf-btn-text\">Mehr Infos<\/span>    <\/a>\t\t\t\t<\/div>\n\t\t\t\t\t<\/div>\n\t<\/div>\n<\/div>\t\t\t\t<\/div>\n\t\t\t\t<\/div>\n\t\t\t\t\t<\/div>\n\t\t<\/div>\n\t\t\t\t\t<\/div>\n\t\t<\/section>\n\t\t\t\t<section class=\"elementor-section elementor-top-section elementor-element elementor-element-12ff47b elementor-section-full_width elementor-section-height-default elementor-section-height-default edgtf-parallax-row-no edgtf-content-aligment-left edgtf-elementor-row-grid-no edgtf-disabled-bg-image-bellow-no\" data-id=\"12ff47b\" data-element_type=\"section\" data-e-type=\"section\">\n\t\t\t\t\t\t<div class=\"elementor-container elementor-column-gap-default\">\n\t\t\t\t\t<div class=\"elementor-column elementor-col-100 elementor-top-column elementor-element elementor-element-e67e163\" data-id=\"e67e163\" data-element_type=\"column\" data-e-type=\"column\">\n\t\t\t<div class=\"elementor-widget-wrap\">\n\t\t\t\t\t\t\t<\/div>\n\t\t<\/div>\n\t\t\t\t\t<\/div>\n\t\t<\/section>\n\t\t\t\t<section class=\"elementor-section elementor-top-section elementor-element elementor-element-95d8e71 elementor-section-full_width elementor-section-height-default elementor-section-height-default edgtf-parallax-row-no edgtf-content-aligment-left edgtf-elementor-row-grid-no edgtf-disabled-bg-image-bellow-no\" data-id=\"95d8e71\" data-element_type=\"section\" data-e-type=\"section\">\n\t\t\t\t\t\t<div class=\"elementor-container elementor-column-gap-default\">\n\t\t\t\t\t<div class=\"elementor-column elementor-col-100 elementor-top-column elementor-element elementor-element-0918b34\" data-id=\"0918b34\" data-element_type=\"column\" data-e-type=\"column\">\n\t\t\t<div class=\"elementor-widget-wrap elementor-element-populated\">\n\t\t\t\t\t\t<div class=\"elementor-element elementor-element-339bf8c elementor-widget elementor-widget-spacer\" data-id=\"339bf8c\" data-element_type=\"widget\" data-e-type=\"widget\" data-widget_type=\"spacer.default\">\n\t\t\t\t<div class=\"elementor-widget-container\">\n\t\t\t\t\t\t\t<div class=\"elementor-spacer\">\n\t\t\t<div class=\"elementor-spacer-inner\"><\/div>\n\t\t<\/div>\n\t\t\t\t\t\t<\/div>\n\t\t\t\t<\/div>\n\t\t\t\t<div class=\"elementor-element elementor-element-945d86c elementor-widget elementor-widget-edgtf_interactive_image_with_text\" data-id=\"945d86c\" data-element_type=\"widget\" data-e-type=\"widget\" data-widget_type=\"edgtf_interactive_image_with_text.default\">\n\t\t\t\t<div class=\"elementor-widget-container\">\n\t\t\t\t\t<div class=\"edgtf-interactive-image-with-text-holder  edgtf-iiwt-has-prefix edgtf-iiwt-prefix-left edgtf-iiwt-small-space \">\n\t\t\t<div class=\"edgtf-iiwt-prefix-holder\">\n\t\t\t<div class=\"edgtf-iiwt-prefix-inner\" >\n\t\t\t\t<svg class=\"edgtf-iiwt-prefix-text\"><text>03<\/text><\/svg>\n\t\t\t<\/div>\n\t\t<\/div>\n\t\t<div class=\"edgtf-iiwt-inner\">\n\t\t<div class=\"edgtf-iiwt-image\">\n\t\t\t\t\t\t\t<a itemprop=\"url\" href=\"https:\/\/seamaster.media\/index.php\/digitale-wertzeichen-echter-kundenbindung\/\" target=\"_self\">\n\t\t\t\t\t\t\t\t\t\t\t\t<img decoding=\"async\" width=\"1344\" height=\"508\" src=\"https:\/\/seamaster.media\/wp-content\/uploads\/2025\/06\/Token.jpg\" class=\"attachment-full size-full\" alt=\"Token\" srcset=\"https:\/\/seamaster.media\/wp-content\/uploads\/2025\/06\/Token.jpg 1344w, https:\/\/seamaster.media\/wp-content\/uploads\/2025\/06\/Token-600x227.jpg 600w, https:\/\/seamaster.media\/wp-content\/uploads\/2025\/06\/Token-300x113.jpg 300w, https:\/\/seamaster.media\/wp-content\/uploads\/2025\/06\/Token-1024x387.jpg 1024w, https:\/\/seamaster.media\/wp-content\/uploads\/2025\/06\/Token-768x290.jpg 768w\" sizes=\"(max-width: 1344px) 100vw, 1344px\" \/>\t\t\t\t\t\t\t\t\t\t\t<\/a>\n\t\t\t\t\t<\/div>\n\t\t<div class=\"edgtf-iiwt-content\">\n\t\t\t\t\t\t\t<h4 class=\"edgtf-iiwt-title\" style=\"margin-top: -10px\">Digitale Wertzeichen echter Kundenbindung<\/h4>\n\t\t\t\t\t\t\t\t\t\t<p class=\"edgtf-iiwt-text\" style=\"color: #000000\">NFTs &amp; Memecoins: Spa\u00df ja, Spekulation nein.\n\nNFTs &amp; Memecoins: Community, nicht Cash.\nSieh den Tech, den Tribe, den Spa\u00df \u2013 nicht das schnelle Geld. Der wahre Wert liegt in der Verbindung (Community).\n<\/p>\n\t\t\t\t\t\t\t\t\t\t<div class=\"edgtf-iiwt-button\" >\n\t\t\t\t\t<a itemprop=\"url\" href=\"https:\/\/seamaster.media\/index.php\/digitale-wertzeichen-echter-kundenbindung\/\" target=\"_self\"  class=\"edgtf-btn edgtf-btn-small edgtf-btn-outline edgtf-btn- edgtf-hover-animation\"  >    <span class=\"edgtf-btn-text\">Mehr Infos<\/span>    <\/a>\t\t\t\t<\/div>\n\t\t\t\t\t<\/div>\n\t<\/div>\n<\/div>\t\t\t\t<\/div>\n\t\t\t\t<\/div>\n\t\t\t\t<div class=\"elementor-element elementor-element-4992581 elementor-widget elementor-widget-spacer\" data-id=\"4992581\" data-element_type=\"widget\" data-e-type=\"widget\" data-widget_type=\"spacer.default\">\n\t\t\t\t<div class=\"elementor-widget-container\">\n\t\t\t\t\t\t\t<div class=\"elementor-spacer\">\n\t\t\t<div class=\"elementor-spacer-inner\"><\/div>\n\t\t<\/div>\n\t\t\t\t\t\t<\/div>\n\t\t\t\t<\/div>\n\t\t\t\t<div class=\"elementor-element elementor-element-ab7c6c7 elementor-widget elementor-widget-spacer\" data-id=\"ab7c6c7\" data-element_type=\"widget\" data-e-type=\"widget\" data-widget_type=\"spacer.default\">\n\t\t\t\t<div class=\"elementor-widget-container\">\n\t\t\t\t\t\t\t<div class=\"elementor-spacer\">\n\t\t\t<div class=\"elementor-spacer-inner\"><\/div>\n\t\t<\/div>\n\t\t\t\t\t\t<\/div>\n\t\t\t\t<\/div>\n\t\t\t\t<div class=\"elementor-element elementor-element-008ba27 elementor-widget elementor-widget-edgtf_interactive_image_with_text\" data-id=\"008ba27\" data-element_type=\"widget\" data-e-type=\"widget\" data-widget_type=\"edgtf_interactive_image_with_text.default\">\n\t\t\t\t<div class=\"elementor-widget-container\">\n\t\t\t\t\t<div class=\"edgtf-interactive-image-with-text-holder  edgtf-iiwt-has-prefix edgtf-iiwt-prefix-right edgtf-iiwt-small-space \">\n\t\t\t<div class=\"edgtf-iiwt-prefix-holder\">\n\t\t\t<div class=\"edgtf-iiwt-prefix-inner\" >\n\t\t\t\t<svg class=\"edgtf-iiwt-prefix-text\"><text>04<\/text><\/svg>\n\t\t\t<\/div>\n\t\t<\/div>\n\t\t<div class=\"edgtf-iiwt-inner\">\n\t\t<div class=\"edgtf-iiwt-image\">\n\t\t\t\t\t\t\t<a itemprop=\"url\" href=\"https:\/\/seamaster.media\/index.php\/ihr-virtueller-markenbotschafter-mit-ki-intelligenz\/\" target=\"_self\">\n\t\t\t\t\t\t\t\t\t\t\t\t<img loading=\"lazy\" decoding=\"async\" width=\"1456\" height=\"550\" src=\"https:\/\/seamaster.media\/wp-content\/uploads\/2025\/06\/AIperso.jpg\" class=\"attachment-full size-full\" alt=\"AIperso\" srcset=\"https:\/\/seamaster.media\/wp-content\/uploads\/2025\/06\/AIperso.jpg 1456w, https:\/\/seamaster.media\/wp-content\/uploads\/2025\/06\/AIperso-600x227.jpg 600w, https:\/\/seamaster.media\/wp-content\/uploads\/2025\/06\/AIperso-300x113.jpg 300w, https:\/\/seamaster.media\/wp-content\/uploads\/2025\/06\/AIperso-1024x387.jpg 1024w, https:\/\/seamaster.media\/wp-content\/uploads\/2025\/06\/AIperso-768x290.jpg 768w\" sizes=\"(max-width: 1456px) 100vw, 1456px\" \/>\t\t\t\t\t\t\t\t\t\t\t<\/a>\n\t\t\t\t\t<\/div>\n\t\t<div class=\"edgtf-iiwt-content\">\n\t\t\t\t\t\t\t<h4 class=\"edgtf-iiwt-title\" style=\"margin-top: -10px\">Ihr KI-Botschafter: Die Zukunft der Kundenbindung<\/h4>\n\t\t\t\t\t\t\t\t\t\t<p class=\"edgtf-iiwt-text\" >Eine KI-Pers\u00f6nlichkeit, die Ihre Marke authentisch verk\u00f6rpert<\/p>\n\t\t\t\t\t\t\t\t\t\t<div class=\"edgtf-iiwt-button\" >\n\t\t\t\t\t<a itemprop=\"url\" href=\"https:\/\/seamaster.media\/index.php\/ihr-virtueller-markenbotschafter-mit-ki-intelligenz\/\" target=\"_self\"  class=\"edgtf-btn edgtf-btn-small edgtf-btn-outline edgtf-btn- edgtf-hover-animation\"  >    <span class=\"edgtf-btn-text\">Mehr Infos<\/span>    <\/a>\t\t\t\t<\/div>\n\t\t\t\t\t<\/div>\n\t<\/div>\n<\/div>\t\t\t\t<\/div>\n\t\t\t\t<\/div>\n\t\t\t\t\t<\/div>\n\t\t<\/div>\n\t\t\t\t\t<\/div>\n\t\t<\/section>\n\t\t\t\t<\/div>\n\t\t","protected":false},"excerpt":{"rendered":"<p>01 Klangbranding der n\u00e4chsten Generation: KI-optimiert Ein individuell komponierter KI-Klangteppich f\u00fcr Ihr Flagship-Store oder Marketing-Highlight Mehr Infos [&hellip;]<\/p>\n","protected":false},"author":1,"featured_media":0,"parent":0,"menu_order":0,"comment_status":"closed","ping_status":"closed","template":"full-width.php","meta":{"slim_seo":{"title":"KI-gest\u00fctzte Markenzukunft: innovativ, einzigartig, wegweisend - Seamaster Media","description":"01 Klangbranding der n\u00e4chsten Generation: KI-optimiert Ein individuell komponierter KI-Klangteppich f\u00fcr Ihr Flagship-Store oder Marketing-Highlight Mehr Infos 0"},"footnotes":""},"class_list":["post-7263","page","type-page","status-publish","hentry"],"_links":{"self":[{"href":"https:\/\/seamaster.media\/index.php\/wp-json\/wp\/v2\/pages\/7263","targetHints":{"allow":["GET"]}}],"collection":[{"href":"https:\/\/seamaster.media\/index.php\/wp-json\/wp\/v2\/pages"}],"about":[{"href":"https:\/\/seamaster.media\/index.php\/wp-json\/wp\/v2\/types\/page"}],"author":[{"embeddable":true,"href":"https:\/\/seamaster.media\/index.php\/wp-json\/wp\/v2\/users\/1"}],"replies":[{"embeddable":true,"href":"https:\/\/seamaster.media\/index.php\/wp-json\/wp\/v2\/comments?post=7263"}],"version-history":[{"count":0,"href":"https:\/\/seamaster.media\/index.php\/wp-json\/wp\/v2\/pages\/7263\/revisions"}],"wp:attachment":[{"href":"https:\/\/seamaster.media\/index.php\/wp-json\/wp\/v2\/media?parent=7263"}],"curies":[{"name":"wp","href":"https:\/\/api.w.org\/{rel}","templated":true}]}}