{"id":7258,"date":"2025-07-08T19:53:49","date_gmt":"2025-07-08T17:53:49","guid":{"rendered":"https:\/\/seamaster.media\/?page_id=7258"},"modified":"2025-07-29T11:59:02","modified_gmt":"2025-07-29T09:59:02","slug":"ki-kreierte-sound-identitaeten-fuer-marken","status":"publish","type":"page","link":"https:\/\/seamaster.media\/index.php\/ki-kreierte-sound-identitaeten-fuer-marken\/","title":{"rendered":"KI-kreierte Sound-Identit\u00e4ten f\u00fcr Marken"},"content":{"rendered":"\t\t<div data-elementor-type=\"wp-page\" data-elementor-id=\"7258\" class=\"elementor elementor-7258\" data-elementor-post-type=\"page\">\n\t\t\t\t\t\t<section class=\"elementor-section elementor-top-section elementor-element elementor-element-015ae6f elementor-section-full_width elementor-section-height-default elementor-section-height-default edgtf-parallax-row-no edgtf-content-aligment-left edgtf-elementor-row-grid-no edgtf-disabled-bg-image-bellow-no\" data-id=\"015ae6f\" data-element_type=\"section\" data-e-type=\"section\">\n\t\t\t\t\t\t<div class=\"elementor-container elementor-column-gap-default\">\n\t\t\t\t\t<div class=\"elementor-column elementor-col-100 elementor-top-column elementor-element elementor-element-d3b8ea8\" data-id=\"d3b8ea8\" data-element_type=\"column\" data-e-type=\"column\">\n\t\t\t<div class=\"elementor-widget-wrap elementor-element-populated\">\n\t\t\t\t\t\t<div class=\"elementor-element elementor-element-4c7661c elementor-widget elementor-widget-heading\" data-id=\"4c7661c\" data-element_type=\"widget\" data-e-type=\"widget\" data-widget_type=\"heading.default\">\n\t\t\t\t<div class=\"elementor-widget-container\">\n\t\t\t\t\t<h2 class=\"elementor-heading-title elementor-size-default\">Verleihen Sie Ihrer Marke eine unverwechselbare Klangidentit\u00e4t - mit KI<\/h2>\t\t\t\t<\/div>\n\t\t\t\t<\/div>\n\t\t\t\t<div class=\"elementor-element elementor-element-e928d7c elementor-widget elementor-widget-spacer\" data-id=\"e928d7c\" data-element_type=\"widget\" data-e-type=\"widget\" data-widget_type=\"spacer.default\">\n\t\t\t\t<div class=\"elementor-widget-container\">\n\t\t\t\t\t\t\t<div class=\"elementor-spacer\">\n\t\t\t<div class=\"elementor-spacer-inner\"><\/div>\n\t\t<\/div>\n\t\t\t\t\t\t<\/div>\n\t\t\t\t<\/div>\n\t\t\t\t<div class=\"elementor-element elementor-element-b1b6038 elementor-widget elementor-widget-spacer\" data-id=\"b1b6038\" data-element_type=\"widget\" data-e-type=\"widget\" data-widget_type=\"spacer.default\">\n\t\t\t\t<div class=\"elementor-widget-container\">\n\t\t\t\t\t\t\t<div class=\"elementor-spacer\">\n\t\t\t<div class=\"elementor-spacer-inner\"><\/div>\n\t\t<\/div>\n\t\t\t\t\t\t<\/div>\n\t\t\t\t<\/div>\n\t\t\t\t<div class=\"elementor-element elementor-element-6af94a0 elementor-widget elementor-widget-gallery\" data-id=\"6af94a0\" data-element_type=\"widget\" data-e-type=\"widget\" data-settings=\"{&quot;link_to&quot;:&quot;custom&quot;,&quot;url&quot;:{&quot;url&quot;:&quot;https:\\\/\\\/music.apple.com\\\/de\\\/artist\\\/zoe\\\/1796522190&quot;,&quot;is_external&quot;:&quot;on&quot;,&quot;nofollow&quot;:&quot;&quot;,&quot;custom_attributes&quot;:&quot;&quot;},&quot;aspect_ratio&quot;:&quot;1:1&quot;,&quot;lazyload&quot;:&quot;yes&quot;,&quot;gallery_layout&quot;:&quot;grid&quot;,&quot;columns&quot;:4,&quot;columns_tablet&quot;:2,&quot;columns_mobile&quot;:1,&quot;gap&quot;:{&quot;unit&quot;:&quot;px&quot;,&quot;size&quot;:10,&quot;sizes&quot;:[]},&quot;gap_tablet&quot;:{&quot;unit&quot;:&quot;px&quot;,&quot;size&quot;:10,&quot;sizes&quot;:[]},&quot;gap_mobile&quot;:{&quot;unit&quot;:&quot;px&quot;,&quot;size&quot;:10,&quot;sizes&quot;:[]},&quot;overlay_background&quot;:&quot;yes&quot;,&quot;content_hover_animation&quot;:&quot;fade-in&quot;}\" data-widget_type=\"gallery.default\">\n\t\t\t\t<div class=\"elementor-widget-container\">\n\t\t\t\t\t\t\t<div class=\"elementor-gallery__container\">\n\t\t\t\t\t\t\t<a class=\"e-gallery-item elementor-gallery-item elementor-animated-content\" href=\"https:\/\/music.apple.com\/de\/artist\/zoe\/1796522190\" target=\"_blank\">\n\t\t\t\t\t<div class=\"e-gallery-image elementor-gallery-item__image\" data-thumbnail=\"https:\/\/seamaster.media\/wp-content\/uploads\/2025\/05\/ZoeFriends-Cover.jpg\" data-width=\"300\" data-height=\"300\" aria-label=\"\" role=\"img\" ><\/div>\n\t\t\t\t\t\t\t\t\t\t\t<div class=\"elementor-gallery-item__overlay\"><\/div>\n\t\t\t\t\t\t\t\t\t\t\t\t\t\t<\/a>\n\t\t\t\t\t\t\t<a class=\"e-gallery-item elementor-gallery-item elementor-animated-content\" href=\"https:\/\/music.apple.com\/de\/artist\/zoe\/1796522190\" target=\"_blank\">\n\t\t\t\t\t<div class=\"e-gallery-image elementor-gallery-item__image\" data-thumbnail=\"https:\/\/seamaster.media\/wp-content\/uploads\/2025\/05\/AppleM.jpg\" data-width=\"300\" data-height=\"300\" aria-label=\"\" role=\"img\" ><\/div>\n\t\t\t\t\t\t\t\t\t\t\t<div class=\"elementor-gallery-item__overlay\"><\/div>\n\t\t\t\t\t\t\t\t\t\t\t\t\t\t<\/a>\n\t\t\t\t\t\t\t<a class=\"e-gallery-item elementor-gallery-item elementor-animated-content\" href=\"https:\/\/music.apple.com\/de\/artist\/zoe\/1796522190\" target=\"_blank\">\n\t\t\t\t\t<div class=\"e-gallery-image elementor-gallery-item__image\" data-thumbnail=\"https:\/\/seamaster.media\/wp-content\/uploads\/2025\/05\/Cover-outlaw.jpg\" data-width=\"300\" data-height=\"300\" aria-label=\"\" role=\"img\" ><\/div>\n\t\t\t\t\t\t\t\t\t\t\t<div class=\"elementor-gallery-item__overlay\"><\/div>\n\t\t\t\t\t\t\t\t\t\t\t\t\t\t<\/a>\n\t\t\t\t\t\t\t<a class=\"e-gallery-item elementor-gallery-item elementor-animated-content\" href=\"https:\/\/music.apple.com\/de\/artist\/zoe\/1796522190\" target=\"_blank\">\n\t\t\t\t\t<div class=\"e-gallery-image elementor-gallery-item__image\" data-thumbnail=\"https:\/\/seamaster.media\/wp-content\/uploads\/2025\/05\/Shadowsinthe-Moonlight-Cover.jpg\" data-width=\"300\" data-height=\"300\" aria-label=\"\" role=\"img\" ><\/div>\n\t\t\t\t\t\t\t\t\t\t\t<div class=\"elementor-gallery-item__overlay\"><\/div>\n\t\t\t\t\t\t\t\t\t\t\t\t\t\t<\/a>\n\t\t\t\t\t<\/div>\n\t\t\t\t\t<\/div>\n\t\t\t\t<\/div>\n\t\t\t\t<div class=\"elementor-element elementor-element-6ca8b0f elementor-widget elementor-widget-spacer\" data-id=\"6ca8b0f\" data-element_type=\"widget\" data-e-type=\"widget\" data-widget_type=\"spacer.default\">\n\t\t\t\t<div class=\"elementor-widget-container\">\n\t\t\t\t\t\t\t<div class=\"elementor-spacer\">\n\t\t\t<div class=\"elementor-spacer-inner\"><\/div>\n\t\t<\/div>\n\t\t\t\t\t\t<\/div>\n\t\t\t\t<\/div>\n\t\t\t\t<div class=\"elementor-element elementor-element-e94130a elementor-widget elementor-widget-text-editor\" data-id=\"e94130a\" data-element_type=\"widget\" data-e-type=\"widget\" data-widget_type=\"text-editor.default\">\n\t\t\t\t<div class=\"elementor-widget-container\">\n\t\t\t\t\t\t\t\t\t<div class=\"ds-markdown ds-markdown--block\"><h3 class=\"ds-markdown-paragraph\"><strong>Das Wesentliche unseres Angebots:<\/strong><\/h3><p class=\"ds-markdown-paragraph\">Wir kreieren einzigartige Klangidentit\u00e4ten \u2013 individuell komponierte, KI-generierte Soundscapes, die Ihre Marke unverwechselbar machen. Nicht nur Musik, sondern strategisches Sounddesign, das Ihr Markenethos verk\u00f6rpert \u2013 sei es minimalistischer Luxus, kraftvolle Energie oder zeitlose Eleganz.<\/p><p class=\"ds-markdown-paragraph\"><strong>Warum das wichtig ist:<\/strong><br \/>Ikone wie das Hotel Costes, Buddha Bar oder Caf\u00e9 del Mar beweisen: Klang pr\u00e4gt Erlebnisse. Wir \u00fcbertragen diese Pr\u00e4zision auf Ihre Marke \u2013 mit ma\u00dfgeschneiderter Musik und intelligenten Soundumgebungen.<\/p><p class=\"ds-markdown-paragraph\"><strong>Mehr als Playlists. Mehr als Standard.<\/strong><br \/>Wir entwickeln intelligente Klangidentit\u00e4ten, die Emotionen und Erfahrungen formen. So setzen wir es um:<\/p><p>\u00a0<\/p><h3><strong>F\u00fcr Hotels<\/strong><\/h3><p class=\"ds-markdown-paragraph\">\u2022 Originelle Ambient-Soundtracks, die \u201eWillkommen zuhause\u201c fl\u00fcstern<br \/>\u2022 KI-adaptive Musik, die sich der Stimmung im Foyer oder Abendambiente anpasst<br \/>\u2022 Markentypische Audio-Logos f\u00fcr Spa, Aufz\u00fcge \u2013 alles stimmig auf Ihre Marke abgestimmt<br \/><strong>Nutzen:<\/strong> <em>\u201eEin nahtloser Soundtrack, der G\u00e4ste mit einem Gef\u00fchl der Zugeh\u00f6rigkeit umh\u00fcllt \u2013 als w\u00e4re das Hotel nur f\u00fcr sie entworfen.\u201c<\/em><\/p><p>\u00a0<\/p><h3><strong>F\u00fcr den Einzelhandel<\/strong><\/h3><p class=\"ds-markdown-paragraph\">\u2022 Dynamische Soundscapes, die sich mit Tageszeit, Besucherfrequenz und Jahreszeiten wandeln<br \/>\u2022 Akustische Zonierung (ruhige Umkleiden, energiegeladene Kassenbereiche)<br \/><strong>Nutzen:<\/strong> <em>\u201eMusik, die sich intuitiv anpasst \u2013 belebend am Morgen, entspannend am Nachmittag, belohnend am Abend \u2013 und jeden Besuch m\u00fchelos bereichert.\u201c<\/em><\/p><p>\u00a0<\/p><h3><strong>F\u00fcr digitale &amp; physische R\u00e4ume<\/strong><\/h3><p class=\"ds-markdown-paragraph\">\u2022 Unverwechselbares Sonic Branding (wie der Intel-Jingle)<br \/>\u2022 3D-Raumklang f\u00fcr VR\/AR<br \/>\u2022 ASMR-inspirierte Unboxing-Sounds<br \/><strong>Nutzen:<\/strong> <em>\u201eEine Klangidentit\u00e4t, so markant, dass Nutzer zu loyalen Fans werden \u2013 mit einem instinktiven emotionalen Bezug.\u201c<\/em><\/p><p>\u00a0<\/p><h3><strong>F\u00fcr Restaurants<\/strong><\/h3><p class=\"ds-markdown-paragraph\">\u2022 Tageszeitliche Klangwechsel (frische Fr\u00fchst\u00fccksstimmung \u2192 stimmungsvolles Dinner-Ambiente)<br \/>\u2022 K\u00fcchenspezifische Akustik (italienische Herzlichkeit, japanische Zur\u00fcckhaltung)<br \/><strong>Nutzen:<\/strong> <em>\u201eEin genie\u00dfbarer Soundscape, in dem Musik wie eine geheime Zutat wirkt, die G\u00e4ste nicht vergessen.\u201c<\/em><\/p><p>\u00a0<\/p><p class=\"ds-markdown-paragraph\"><strong>Nachweisbare Wirkung:<\/strong><br \/>Ein Boutique-Hotel verzeichnete <strong>30 % mehr Wiederkehrer<\/strong>, nachdem es auf eine KI-komponierte Klangwelt umstellte \u2013 die G\u00e4ste h\u00f6rten nicht nur Musik, sie f\u00fchlten: <em>\u201eHier geh\u00f6re ich hin.\u201c<\/em><\/p><p class=\"ds-markdown-paragraph\"><strong>Das ist die Zukunft markenspezifischer Erlebnisse.<\/strong><br \/>Lassen Sie uns Ihre komponieren.<\/p><\/div><p>\u00a0<\/p><p><em>&#8222;Als Innovationsf\u00fchrer verbinden wir seit Jahren wegweisende <strong>KI-gesteuerte Filmproduktion<\/strong> mit revolution\u00e4rer <strong>Blockchain-Finanzierung<\/strong>. Unsere Expertise macht uns zum Top-Partner f\u00fcr hybride Projekte an der Schnittstelle von Kreativwirtschaft und Digital Finance.\u201c<\/em><\/p>\t\t\t\t\t\t\t\t<\/div>\n\t\t\t\t<\/div>\n\t\t\t\t<div class=\"elementor-element elementor-element-88d71ce elementor-widget elementor-widget-spacer\" data-id=\"88d71ce\" data-element_type=\"widget\" data-e-type=\"widget\" data-widget_type=\"spacer.default\">\n\t\t\t\t<div class=\"elementor-widget-container\">\n\t\t\t\t\t\t\t<div class=\"elementor-spacer\">\n\t\t\t<div class=\"elementor-spacer-inner\"><\/div>\n\t\t<\/div>\n\t\t\t\t\t\t<\/div>\n\t\t\t\t<\/div>\n\t\t\t\t<div class=\"elementor-element elementor-element-e630c2b elementor-widget elementor-widget-heading\" data-id=\"e630c2b\" data-element_type=\"widget\" data-e-type=\"widget\" data-widget_type=\"heading.default\">\n\t\t\t\t<div class=\"elementor-widget-container\">\n\t\t\t\t\t<h2 class=\"elementor-heading-title elementor-size-default\">Vertiefende Details f\u00fcr Ihr Business<\/h2>\t\t\t\t<\/div>\n\t\t\t\t<\/div>\n\t\t\t\t<div class=\"elementor-element elementor-element-826c6f6 elementor-align-center elementor-widget elementor-widget-button\" data-id=\"826c6f6\" data-element_type=\"widget\" data-e-type=\"widget\" data-widget_type=\"button.default\">\n\t\t\t\t<div class=\"elementor-widget-container\">\n\t\t\t\t\t\t\t\t\t<div class=\"elementor-button-wrapper\">\n\t\t\t\t\t<a class=\"elementor-button elementor-button-link elementor-size-sm\" href=\"https:\/\/seamaster.media\/index.php\/contact-us\/\">\n\t\t\t\t\t\t<span class=\"elementor-button-content-wrapper\">\n\t\t\t\t\t\t\t\t\t<span class=\"elementor-button-text\">Kontaktieren Sie uns<\/span>\n\t\t\t\t\t<\/span>\n\t\t\t\t\t<\/a>\n\t\t\t\t<\/div>\n\t\t\t\t\t\t\t\t<\/div>\n\t\t\t\t<\/div>\n\t\t\t\t<div class=\"elementor-element elementor-element-5c4b177 elementor-widget elementor-widget-spacer\" data-id=\"5c4b177\" data-element_type=\"widget\" data-e-type=\"widget\" data-widget_type=\"spacer.default\">\n\t\t\t\t<div class=\"elementor-widget-container\">\n\t\t\t\t\t\t\t<div class=\"elementor-spacer\">\n\t\t\t<div class=\"elementor-spacer-inner\"><\/div>\n\t\t<\/div>\n\t\t\t\t\t\t<\/div>\n\t\t\t\t<\/div>\n\t\t\t\t<div class=\"elementor-element elementor-element-c578bc4 elementor-widget elementor-widget-gallery\" data-id=\"c578bc4\" data-element_type=\"widget\" data-e-type=\"widget\" data-settings=\"{&quot;aspect_ratio&quot;:&quot;1:1&quot;,&quot;link_to&quot;:&quot;custom&quot;,&quot;url&quot;:{&quot;url&quot;:&quot;https:\\\/\\\/music.apple.com\\\/de\\\/artist\\\/zoe\\\/1796522190&quot;,&quot;is_external&quot;:&quot;&quot;,&quot;nofollow&quot;:&quot;&quot;,&quot;custom_attributes&quot;:&quot;&quot;},&quot;lazyload&quot;:&quot;yes&quot;,&quot;gallery_layout&quot;:&quot;grid&quot;,&quot;columns&quot;:4,&quot;columns_tablet&quot;:2,&quot;columns_mobile&quot;:1,&quot;gap&quot;:{&quot;unit&quot;:&quot;px&quot;,&quot;size&quot;:10,&quot;sizes&quot;:[]},&quot;gap_tablet&quot;:{&quot;unit&quot;:&quot;px&quot;,&quot;size&quot;:10,&quot;sizes&quot;:[]},&quot;gap_mobile&quot;:{&quot;unit&quot;:&quot;px&quot;,&quot;size&quot;:10,&quot;sizes&quot;:[]},&quot;overlay_background&quot;:&quot;yes&quot;,&quot;content_hover_animation&quot;:&quot;fade-in&quot;}\" data-widget_type=\"gallery.default\">\n\t\t\t\t<div class=\"elementor-widget-container\">\n\t\t\t\t\t\t\t<div class=\"elementor-gallery__container\">\n\t\t\t\t\t\t\t<a class=\"e-gallery-item elementor-gallery-item elementor-animated-content\" href=\"https:\/\/music.apple.com\/de\/artist\/zoe\/1796522190\">\n\t\t\t\t\t<div class=\"e-gallery-image elementor-gallery-item__image\" data-thumbnail=\"https:\/\/seamaster.media\/wp-content\/uploads\/2025\/05\/Cover-Rust.jpg\" data-width=\"300\" data-height=\"300\" aria-label=\"\" role=\"img\" ><\/div>\n\t\t\t\t\t\t\t\t\t\t\t<div class=\"elementor-gallery-item__overlay\"><\/div>\n\t\t\t\t\t\t\t\t\t\t\t\t\t\t<\/a>\n\t\t\t\t\t\t\t<a class=\"e-gallery-item elementor-gallery-item elementor-animated-content\" href=\"https:\/\/music.apple.com\/de\/artist\/zoe\/1796522190\">\n\t\t\t\t\t<div class=\"e-gallery-image elementor-gallery-item__image\" data-thumbnail=\"https:\/\/seamaster.media\/wp-content\/uploads\/2025\/05\/Vega.jpg\" data-width=\"300\" data-height=\"300\" aria-label=\"\" role=\"img\" ><\/div>\n\t\t\t\t\t\t\t\t\t\t\t<div class=\"elementor-gallery-item__overlay\"><\/div>\n\t\t\t\t\t\t\t\t\t\t\t\t\t\t<\/a>\n\t\t\t\t\t\t\t<a class=\"e-gallery-item elementor-gallery-item elementor-animated-content\" href=\"https:\/\/music.apple.com\/de\/artist\/zoe\/1796522190\">\n\t\t\t\t\t<div class=\"e-gallery-image elementor-gallery-item__image\" data-thumbnail=\"https:\/\/seamaster.media\/wp-content\/uploads\/2025\/05\/Bike-Girls-First-Ride-.jpg\" data-width=\"300\" data-height=\"300\" aria-label=\"\" role=\"img\" ><\/div>\n\t\t\t\t\t\t\t\t\t\t\t<div class=\"elementor-gallery-item__overlay\"><\/div>\n\t\t\t\t\t\t\t\t\t\t\t\t\t\t<\/a>\n\t\t\t\t\t\t\t<a class=\"e-gallery-item elementor-gallery-item elementor-animated-content\" href=\"https:\/\/music.apple.com\/de\/artist\/zoe\/1796522190\">\n\t\t\t\t\t<div class=\"e-gallery-image elementor-gallery-item__image\" data-thumbnail=\"https:\/\/seamaster.media\/wp-content\/uploads\/2025\/05\/DidYouThink-Cover.jpg\" data-width=\"300\" data-height=\"300\" aria-label=\"\" role=\"img\" ><\/div>\n\t\t\t\t\t\t\t\t\t\t\t<div class=\"elementor-gallery-item__overlay\"><\/div>\n\t\t\t\t\t\t\t\t\t\t\t\t\t\t<\/a>\n\t\t\t\t\t<\/div>\n\t\t\t\t\t<\/div>\n\t\t\t\t<\/div>\n\t\t\t\t\t<\/div>\n\t\t<\/div>\n\t\t\t\t\t<\/div>\n\t\t<\/section>\n\t\t\t\t<\/div>\n\t\t","protected":false},"excerpt":{"rendered":"<p>Verleihen Sie Ihrer Marke eine unverwechselbare Klangidentit\u00e4t &#8211; mit KI Das Wesentliche unseres Angebots: Wir kreieren einzigartige [&hellip;]<\/p>\n","protected":false},"author":1,"featured_media":6823,"parent":0,"menu_order":0,"comment_status":"closed","ping_status":"closed","template":"full-width.php","meta":{"slim_seo":{"title":"KI-kreierte Sound-Identit\u00e4ten f\u00fcr Marken - Seamaster Media","description":"Verleihen Sie Ihrer Marke eine unverwechselbare Klangidentit\u00e4t - mit KI Das Wesentliche unseres Angebots: Wir kreieren einzigartige Klangidentit\u00e4ten \u2013 individue"},"footnotes":""},"class_list":["post-7258","page","type-page","status-publish","has-post-thumbnail","hentry"],"_links":{"self":[{"href":"https:\/\/seamaster.media\/index.php\/wp-json\/wp\/v2\/pages\/7258","targetHints":{"allow":["GET"]}}],"collection":[{"href":"https:\/\/seamaster.media\/index.php\/wp-json\/wp\/v2\/pages"}],"about":[{"href":"https:\/\/seamaster.media\/index.php\/wp-json\/wp\/v2\/types\/page"}],"author":[{"embeddable":true,"href":"https:\/\/seamaster.media\/index.php\/wp-json\/wp\/v2\/users\/1"}],"replies":[{"embeddable":true,"href":"https:\/\/seamaster.media\/index.php\/wp-json\/wp\/v2\/comments?post=7258"}],"version-history":[{"count":0,"href":"https:\/\/seamaster.media\/index.php\/wp-json\/wp\/v2\/pages\/7258\/revisions"}],"wp:featuredmedia":[{"embeddable":true,"href":"https:\/\/seamaster.media\/index.php\/wp-json\/wp\/v2\/media\/6823"}],"wp:attachment":[{"href":"https:\/\/seamaster.media\/index.php\/wp-json\/wp\/v2\/media?parent=7258"}],"curies":[{"name":"wp","href":"https:\/\/api.w.org\/{rel}","templated":true}]}}