{"id":6615,"date":"2025-03-05T13:12:17","date_gmt":"2025-03-05T12:12:17","guid":{"rendered":"https:\/\/seamaster.media\/?page_id=6615"},"modified":"2025-07-09T18:13:24","modified_gmt":"2025-07-09T16:13:24","slug":"imprint","status":"publish","type":"page","link":"https:\/\/seamaster.media\/index.php\/imprint\/","title":{"rendered":"Imprint"},"content":{"rendered":"\t\t<div data-elementor-type=\"wp-page\" data-elementor-id=\"6615\" class=\"elementor elementor-6615\" data-elementor-post-type=\"page\">\n\t\t\t\t<div class=\"elementor-element elementor-element-5dbb868 e-con-full e-flex e-con e-parent\" data-id=\"5dbb868\" data-element_type=\"container\" data-e-type=\"container\">\n\t\t\t\t<div class=\"elementor-element elementor-element-60fd897 elementor-widget elementor-widget-text-editor\" data-id=\"60fd897\" data-element_type=\"widget\" data-e-type=\"widget\" data-widget_type=\"text-editor.default\">\n\t\t\t\t<div class=\"elementor-widget-container\">\n\t\t\t\t\t\t\t\t\t<p><strong>SEAMASTER MEDIA LIMITED<\/strong><br \/>Clifton House, Suit 33<br \/>Fitzwilliam Street Lower<br \/>Dublin 2, D02XT91<br \/>Ireland<\/p><p>Register Number: 747296 CRO<\/p>\t\t\t\t\t\t\t\t<\/div>\n\t\t\t\t<\/div>\n\t\t\t\t<\/div>\n\t\t<div class=\"elementor-element elementor-element-44c8d5f e-con-full e-flex e-con e-parent\" data-id=\"44c8d5f\" data-element_type=\"container\" data-e-type=\"container\">\n\t\t\t\t<div class=\"elementor-element elementor-element-f5e3e9a elementor-widget__width-initial elementor-widget elementor-widget-text-editor\" data-id=\"f5e3e9a\" data-element_type=\"widget\" data-e-type=\"widget\" data-widget_type=\"text-editor.default\">\n\t\t\t\t<div class=\"elementor-widget-container\">\n\t\t\t\t\t\t\t\t\t<p><strong>SEAMASTER MEDIA LIMITED<\/strong><br \/><em><strong>Zweigniederlassung<\/strong><\/em><br \/>AM Durlei 33<br \/>29476 Gusborn<br \/>Germany<\/p><p>HRB 212072 Lueneburg<br \/>USt-ID:\u00a0 DE368271613<\/p><p>Impressum gem\u00e4\u00df \u00a7 5 DDG<\/p>\t\t\t\t\t\t\t\t<\/div>\n\t\t\t\t<\/div>\n\t\t\t\t<div class=\"elementor-element elementor-element-afda160 elementor-widget elementor-widget-text-editor\" data-id=\"afda160\" data-element_type=\"widget\" data-e-type=\"widget\" data-widget_type=\"text-editor.default\">\n\t\t\t\t<div class=\"elementor-widget-container\">\n\t\t\t\t\t\t\t\t\t<div class=\"\" data-mesh-id=\"comp-lwqc7zvq23inlineContent\" data-testid=\"inline-content\"><div data-mesh-id=\"comp-lwqc7zvq23inlineContent-gridContainer\" data-testid=\"mesh-container-content\"><div id=\"comp-l39t9twf\" class=\"Z_l5lU ku3DBC zQ9jDz qvSjx3 Vq6kJx comp-l39t9twf wixui-rich-text\" data-testid=\"richTextElement\"><p class=\"font_4 wixui-rich-text__text\"><span class=\"wixui-rich-text__text\">Haftungsausschluss \/ Disclaimer<\/span><\/p><\/div><div id=\"comp-l39tadlz\" class=\"Z_l5lU ku3DBC zQ9jDz qvSjx3 Vq6kJx comp-l39tadlz wixui-rich-text\" data-testid=\"richTextElement\"><p class=\"font_8 wixui-rich-text__text\"><span class=\"wixui-rich-text__text\">1. Inhalt des Onlineangebotes<br class=\"wixui-rich-text__text\" \/>Wir \u00fcbernehmen keinerlei Gew\u00e4hr f\u00fcr die Aktualit\u00e4t, Korrektheit, Vollst\u00e4ndigkeit oder Qualit\u00e4t der bereitgestellten Informationen. Haftungsanspr\u00fcche , die sich auf Sch\u00e4den materieller oder ideeller Art beziehen, welche durch die Nutzung oder Nichtnutzung der dargebotenen Informationen bzw. durch die Nutzung fehlerhafter und unvollst\u00e4ndiger Informationen verursacht wurden, sind grunds\u00e4tzlich ausgeschlossen, sofern kein nachweislich vors\u00e4tzliches oder grob fahrl\u00e4ssiges Verschulden vorliegt. Alle Angebote sind freibleibend und unverbindlich. Wir behaltenuns ausdr\u00fccklich vor, Teile der Seiten oder das gesamte Angebot ohne gesonderte Ank\u00fcndigung zu ver\u00e4ndern, zu erg\u00e4nzen, zu l\u00f6schen oder die Ver\u00f6ffentlichung zeitweise oder endg\u00fcltig einzustellen.<br class=\"wixui-rich-text__text\" \/><br class=\"wixui-rich-text__text\" \/>2. Verweise und Links<br class=\"wixui-rich-text__text\" \/>Sofern auf Verweisziele (\u201eLinks\u201c) direkt oder indirekt verwiesen wird, die au\u00dferhalb unseres Verantwortungsbereiches liegen, haften wir nur dann, wenn wir von den Inhalten Kenntnis haben und es uns technisch m\u00f6glich und zumutbar w\u00e4re, die Nutzung im Falle rechtswidriger Inhalte zu verhindern. F\u00fcr dar\u00fcber hinausgehende Inhalte und insbesondere f\u00fcr Sch\u00e4den, die aus der Nutzung oder Nichtnutzung solcherart dargebotener Informationen entstehen, haftet allein der Anbieter der jeweiligen Seite, auf die verwiesen wurde, nicht derjenige, der \u00fcber Links auf die jeweilige Ver\u00f6ffentlichung lediglich verweist. Diese Einschr\u00e4nkung gilt gleicherma\u00dfen auch f\u00fcr Fremdeintr\u00e4ge in von uns eingerichteten G\u00e4steb\u00fcchern, Diskussionsforen und Mailinglisten.<br class=\"wixui-rich-text__text\" \/><br class=\"wixui-rich-text__text\" \/>3. Urheberrecht<br class=\"wixui-rich-text__text\" \/>Wir sind bestrebt, in allen Publikationen die Urheberrechte der verwendeten Grafiken, Tondokumente, Videosequenzen und Texte zu beachten, von uns selbst erstellte Grafiken, Tondokumente, Videosequenzen und Texte zu nutzen oder auf lizenzfreie Grafiken, Tondokumente, Videosequenzen und Texte zur\u00fcckzugreifen. Das Copyright f\u00fcr ver\u00f6ffentlichte, von uns selbst erstellte Objekte bleibt allein bei uns. Eine Vervielf\u00e4ltigung oder Verwendung solcher Grafiken, Tondokumente, Videosequenzen und Texte in anderen elektronischen oder gedruckten Publikationen ist ohne unsere ausdr\u00fcckliche Zustimmung nicht gestattet.<br class=\"wixui-rich-text__text\" \/><br class=\"wixui-rich-text__text\" \/>4. Rechtswirksamkeit dieses Haftungsausschlusses<br class=\"wixui-rich-text__text\" \/>Dieser Haftungsausschluss ist als Teil des Internetangebotes zu betrachten, von dem aus auf diese Seite verwiesen wurde. Sofern Teile oder einzelne Formulierungen dieses Textes der geltenden Rechtslage nicht, nicht mehr oder nicht vollst\u00e4ndig entsprechen sollten, bleiben die \u00fcbrigen Teile des Dokumentes in ihrem Inhalt und ihrer G\u00fcltigkeit davon unber\u00fchrt.<\/span><\/p><\/div><\/div><\/div>\t\t\t\t\t\t\t\t<\/div>\n\t\t\t\t<\/div>\n\t\t\t\t<div class=\"elementor-element elementor-element-20809f5 elementor-widget elementor-widget-image\" data-id=\"20809f5\" data-element_type=\"widget\" data-e-type=\"widget\" data-widget_type=\"image.default\">\n\t\t\t\t<div class=\"elementor-widget-container\">\n\t\t\t\t\t\t\t\t\t\t\t\t\t\t\t<img decoding=\"async\" width=\"150\" height=\"150\" src=\"https:\/\/seamaster.media\/wp-content\/uploads\/2025\/03\/Seamaster-Logo-Timeline-150x150.jpg\" class=\"attachment-thumbnail size-thumbnail wp-image-6594\" alt=\"Seamaster Logo Timeline\" srcset=\"https:\/\/seamaster.media\/wp-content\/uploads\/2025\/03\/Seamaster-Logo-Timeline-150x150.jpg 150w, https:\/\/seamaster.media\/wp-content\/uploads\/2025\/03\/Seamaster-Logo-Timeline-300x300.jpg 300w, https:\/\/seamaster.media\/wp-content\/uploads\/2025\/03\/Seamaster-Logo-Timeline-100x100.jpg 100w, https:\/\/seamaster.media\/wp-content\/uploads\/2025\/03\/Seamaster-Logo-Timeline-550x550.jpg 550w, https:\/\/seamaster.media\/wp-content\/uploads\/2025\/03\/Seamaster-Logo-Timeline-650x650.jpg 650w\" sizes=\"(max-width: 150px) 100vw, 150px\" \/>\t\t\t\t\t\t\t\t\t\t\t\t\t\t\t<\/div>\n\t\t\t\t<\/div>\n\t\t\t\t<\/div>\n\t\t<div class=\"elementor-element elementor-element-97d8588 e-con-full e-flex e-con e-parent\" data-id=\"97d8588\" data-element_type=\"container\" data-e-type=\"container\">\n\t\t\t\t<div class=\"elementor-element elementor-element-22eb0f0 elementor-widget elementor-widget-text-editor\" data-id=\"22eb0f0\" data-element_type=\"widget\" data-e-type=\"widget\" data-widget_type=\"text-editor.default\">\n\t\t\t\t<div class=\"elementor-widget-container\">\n\t\t\t\t\t\t\t\t\t<p style=\"text-align: center;\">info@seamaster.media<\/p><p style=\"text-align: center;\">Phone +49 (0)175 9192000<\/p>\t\t\t\t\t\t\t\t<\/div>\n\t\t\t\t<\/div>\n\t\t\t\t<\/div>\n\t\t\t\t<\/div>\n\t\t","protected":false},"excerpt":{"rendered":"<p>SEAMASTER MEDIA LIMITEDClifton House, Suit 33Fitzwilliam Street LowerDublin 2, D02XT91Ireland Register Number: 747296 CRO SEAMASTER MEDIA LIMITEDZweigniederlassungAM [&hellip;]<\/p>\n","protected":false},"author":1,"featured_media":0,"parent":0,"menu_order":0,"comment_status":"closed","ping_status":"closed","template":"","meta":{"slim_seo":{"title":"Imprint - Seamaster Media","description":"SEAMASTER MEDIA LIMITED Clifton House, Suit 33 Fitzwilliam Street Lower Dublin 2, D02XT91 Ireland Register Number: 747296 CRO SEAMASTER MEDIA LIMITED Zweigniede"},"footnotes":""},"class_list":["post-6615","page","type-page","status-publish","hentry"],"_links":{"self":[{"href":"https:\/\/seamaster.media\/index.php\/wp-json\/wp\/v2\/pages\/6615","targetHints":{"allow":["GET"]}}],"collection":[{"href":"https:\/\/seamaster.media\/index.php\/wp-json\/wp\/v2\/pages"}],"about":[{"href":"https:\/\/seamaster.media\/index.php\/wp-json\/wp\/v2\/types\/page"}],"author":[{"embeddable":true,"href":"https:\/\/seamaster.media\/index.php\/wp-json\/wp\/v2\/users\/1"}],"replies":[{"embeddable":true,"href":"https:\/\/seamaster.media\/index.php\/wp-json\/wp\/v2\/comments?post=6615"}],"version-history":[{"count":0,"href":"https:\/\/seamaster.media\/index.php\/wp-json\/wp\/v2\/pages\/6615\/revisions"}],"wp:attachment":[{"href":"https:\/\/seamaster.media\/index.php\/wp-json\/wp\/v2\/media?parent=6615"}],"curies":[{"name":"wp","href":"https:\/\/api.w.org\/{rel}","templated":true}]}}